{"id":904,"date":"2023-04-13T10:23:10","date_gmt":"2023-04-13T10:23:10","guid":{"rendered":"https:\/\/ohanasalut.com\/?page_id=904"},"modified":"2025-10-02T21:19:01","modified_gmt":"2025-10-02T21:19:01","slug":"sexologia-integrativa","status":"publish","type":"page","link":"https:\/\/ohanasalut.com\/index.php\/serveis\/sexologia-integrativa\/","title":{"rendered":"Sexologia Integrativa"},"content":{"rendered":"\n\n\t<h4>En qu\u00e8 consisteix aquest servei?<\/h4>\n<p>La Sexologia Integrativa \u00e9s un servei que ofereix un <strong>enfocament hol\u00edstic<\/strong> per abordar les necessitats i preocupacions relacionades amb la sexualitat, el benestar emocional i la salut en general.<\/p>\n<p>En la primera visita, es realitza una avaluaci\u00f3 de la persona per comprendre les seves necessitats i objectius. A partir d&#8217;aqu\u00ed, es dissenya un<strong> pla personalitzat<\/strong> que integra diferents disciplines com el tantra, el coaching, la medicina xinesa i l&#8217;alimentaci\u00f3 conscient. Es realitza un <strong>seguiment regular<\/strong> amb els clients per avaluar el seu progr\u00e9s, fer ajustos en el pla personalitzat segons sigui necessari i oferir suport continu en el seu proc\u00e9s de creixement i transformaci\u00f3.<\/p>\n<p>Les <strong>sessions individuals<\/strong> proporcionen un espai segur i confidencial per abordar inquietuds i treballar en el desenvolupament personal i sexual de cada individu. Les <strong>sessions de parella<\/strong> ofereixen ter\u00e0pia per explorar i enfortir la connexi\u00f3 sexual, millorar la comunicaci\u00f3 i abordar conflictes.<\/p>\n<p>L&#8217;<strong>objectiu<\/strong> \u00e9s promoure una visi\u00f3 positiva i respectuosa de la sexualitat, millorar la intimitat i el plaer sexual, i abordar temes com la vaginitis, la manca de desig sexual, els problemes d&#8217;erecci\u00f3, l&#8217;ejaculaci\u00f3 preco\u00e7, l&#8217;anorg\u00e0smia, les inseguretats i pors, l&#8217;augment de l&#8217;energia sexual i l&#8217;enfrontament de la sexualitat en diferents etapes de la vida.<\/p>\n<p><img loading=\"lazy\" decoding=\"async\" src=\"https:\/\/ohanasalut.com\/wp-content\/uploads\/2022\/04\/WhatsApp-Image-2022-04-26-at-17.32.27-300x210.jpg\" alt=\"\" width=\"220\" height=\"154\" \/><\/p>\n<p>La Sexologia Integrativa ajuda a treballar les creences, a gaudir del plaer del cos, a generar marcs de seguretat a les relacions, a entendre els vincles relacionals des d&#8217;una visi\u00f3 saludable, a aprendre a intimar des del respecte i la cura, entre altres aspectes.<\/p>\n<p>&nbsp;<\/p>\n<h4>A qui va dirigit?<\/h4>\n<ul>\n<li>Vaginitis<\/li>\n<li>Manca de desig sexual<\/li>\n<li>Problemes d&#8217;erecci\u00f3<\/li>\n<li>Ejaculaci\u00f3 preco\u00e7<\/li>\n<li>Anorg\u00e0smia o dificultat per obtenir orgasmes.<\/li>\n<li>Inseguretats, pors, dubtes.<\/li>\n<li>Augmentar l&#8217;energia sexual o millorar la relaci\u00f3 amb un mateix.<\/li>\n<li>Com afrontar la sexualitat en diferents moments vitals (adolesc\u00e8ncia, postpart, menopausa, vellesa, problemes de salut).<\/li>\n<li>Col\u00b7lectiu LGTBIQ+.<\/li>\n<\/ul>\n<h4>En qu\u00e8 et pot ajudar?<\/h4>\n<h4><img loading=\"lazy\" decoding=\"async\" src=\"https:\/\/ohanasalut.com\/wp-content\/uploads\/2022\/05\/WhatsApp-Image-2022-05-10-at-20.03.12-200x300.jpeg\" alt=\"\" width=\"141\" height=\"212\" \/><\/h4>\n<ul>\n<li>A treballar les creences.<\/li>\n<li>A treure el control de la ment per gaudir del plaer del cos.<\/li>\n<li>Generar marcs de seguretat dins de les relacions de parella, poliamoroses o parelles obertes.<\/li>\n<li>Gaudir de la pr\u00f2pia intimitat, i no nom\u00e9s la que compartim.<\/li>\n<li>A entendre diferents vincles relacionals o intel\u00b7lectuals, des d&#8217;una visi\u00f3 sana, del plaer i del respecte.<\/li>\n<li>Aprendre a intimar des del respecte i la cura.<\/li>\n<\/ul>\n<p>En resum, la Sexologia Integrativa \u00e9s un servei que busca promoure el benestar i el plaer a trav\u00e9s de l&#8217;abordatge hol\u00edstic de la sexualitat, integrant diferents dimensions del ser i utilitzant diverses eines com el tantra, el coaching, la medicina xinesa i l&#8217;alimentaci\u00f3 conscient.<\/p>\n\t\t\t\t<img loading=\"lazy\" decoding=\"async\" src=\"https:\/\/ohanasalut.com\/wp-content\/uploads\/2022\/04\/WhatsApp-Image-2022-04-26-at-17.32.39-200x300.jpeg\" alt=\"WhatsApp Image 2022-04-26 at 17.32.39\" itemprop=\"image\" height=\"300\" width=\"200\" title=\"WhatsApp Image 2022-04-26 at 17.32.39\" onerror=\"this.style.display='none'\"  \/>\n\t\t\t\t<img loading=\"lazy\" decoding=\"async\" src=\"https:\/\/ohanasalut.com\/wp-content\/uploads\/2022\/04\/WhatsApp-Image-2022-04-26-at-17.32.27-200x300.jpeg\" alt=\"WhatsApp Image 2022-04-26 at 17.32.27\" itemprop=\"image\" height=\"300\" width=\"200\" title=\"WhatsApp Image 2022-04-26 at 17.32.27\" onerror=\"this.style.display='none'\"  \/>\n\t\t\t\t<img loading=\"lazy\" decoding=\"async\" src=\"https:\/\/ohanasalut.com\/wp-content\/uploads\/2022\/04\/WhatsApp-Image-2022-04-26-at-17.32.39-2-200x300.jpeg\" alt=\"WhatsApp Image 2022-04-26 at 17.32.39 (2)\" itemprop=\"image\" height=\"300\" width=\"200\" title=\"WhatsApp Image 2022-04-26 at 17.32.39 (2)\" onerror=\"this.style.display='none'\"  \/>\n\n","protected":false},"excerpt":{"rendered":"<p>En qu\u00e8 consisteix aquest servei? La Sexologia Integrativa \u00e9s un servei que ofereix un enfocament hol\u00edstic per abordar les necessitats i preocupacions relacionades amb la sexualitat, el benestar emocional i la salut en general. En la primera visita, es realitza una avaluaci\u00f3 de la persona per comprendre les seves necessitats [&hellip;]<\/p>\n","protected":false},"author":3,"featured_media":2404,"parent":45,"menu_order":0,"comment_status":"closed","ping_status":"closed","template":"","meta":{"_mc_calendar":[],"footnotes":""},"_links":{"self":[{"href":"https:\/\/ohanasalut.com\/index.php\/wp-json\/wp\/v2\/pages\/904"}],"collection":[{"href":"https:\/\/ohanasalut.com\/index.php\/wp-json\/wp\/v2\/pages"}],"about":[{"href":"https:\/\/ohanasalut.com\/index.php\/wp-json\/wp\/v2\/types\/page"}],"author":[{"embeddable":true,"href":"https:\/\/ohanasalut.com\/index.php\/wp-json\/wp\/v2\/users\/3"}],"replies":[{"embeddable":true,"href":"https:\/\/ohanasalut.com\/index.php\/wp-json\/wp\/v2\/comments?post=904"}],"version-history":[{"count":28,"href":"https:\/\/ohanasalut.com\/index.php\/wp-json\/wp\/v2\/pages\/904\/revisions"}],"predecessor-version":[{"id":2255,"href":"https:\/\/ohanasalut.com\/index.php\/wp-json\/wp\/v2\/pages\/904\/revisions\/2255"}],"up":[{"embeddable":true,"href":"https:\/\/ohanasalut.com\/index.php\/wp-json\/wp\/v2\/pages\/45"}],"wp:featuredmedia":[{"embeddable":true,"href":"https:\/\/ohanasalut.com\/index.php\/wp-json\/wp\/v2\/media\/2404"}],"wp:attachment":[{"href":"https:\/\/ohanasalut.com\/index.php\/wp-json\/wp\/v2\/media?parent=904"}],"curies":[{"name":"wp","href":"https:\/\/api.w.org\/{rel}","templated":true}]}}