{"id":620,"date":"2019-07-19T11:01:04","date_gmt":"2019-07-19T11:01:04","guid":{"rendered":"https:\/\/ohanasalut.com\/?page_id=620"},"modified":"2023-05-23T08:34:51","modified_gmt":"2023-05-23T08:34:51","slug":"fisioterapia-i-osteopatia","status":"publish","type":"page","link":"https:\/\/ohanasalut.com\/index.php\/serveis\/fisioterapia-i-osteopatia\/","title":{"rendered":"Osteopatia i Fisioter\u00e0pia"},"content":{"rendered":"\n<h3>En qu\u00e8 consisteix aquest servei?<\/h3>\n\n<p>Les sessions s\u00f3n de m\u00e0xim una hora on es parla del <strong>motiu de consulta i <\/strong>s&#8217;estableix&nbsp;l&#8217;<strong>objectiu de Salut<\/strong> que t\u00e9 la persona. Es realitza un diagn\u00f2stic puntual d&#8217; aquell dia i es fa <strong>el tractament a trav\u00e9s de ter\u00e0pia manual<\/strong> que m\u00e9s li convingui en aquell moment.<\/p>\n<p>Les sessions varien d&#8217;un dia a l&#8217;altre, ja que despr\u00e9s de tractar el cos aquest canvia les necessitats. Els<strong> tractaments que es realitzen sempre s\u00f3n agradables<\/strong> i se&#8217;n surt amb la sensaci\u00f3 que el cos ha sigut treballat i alliberat.<\/p>\n<p>Normalment es deixen<strong> 10 &#8211; 15 dies entre sessions<\/strong> per deixar que el cos tingui temps de fer les adaptacions que necessiti despr\u00e9s de cada tractament. Les sessions conclouen quan s&#8217;aconsegueix l&#8217;objectiu que ens marquem el dia de la primera visita.<img loading=\"lazy\" decoding=\"async\" src=\"https:\/\/ohanasalut.com\/wp-content\/uploads\/2022\/04\/WhatsApp-Image-2022-04-26-at-17.15.56-200x300.jpeg\" alt=\"\" width=\"200\" height=\"300\"><\/p>\n\t<h4>A qui va dirigit?<\/h4>\n<p>Adaptar i facilitar la funci\u00f3 del cos \u00e9s necessari per a tothom, per\u00f2 en especial en aquestes situacions:<\/p>\n<ul>\n<li>Dolor recurrent o cr\u00f2nic.<\/li>\n<li>Lesions o traumatismes com caigudes o accidents de tr\u00e0nsit.<\/li>\n<li>Post- operatoris i cicatrius.<\/li>\n<li>Processos d&#8217;embar\u00e0s i post-part.<\/li>\n<li>Acompanyament de neonats i persones fins a l&#8217;adolesc\u00e8ncia.<\/li>\n<\/ul>\n<p><img loading=\"lazy\" decoding=\"async\" src=\"https:\/\/ohanasalut.com\/wp-content\/uploads\/2022\/04\/WhatsApp-Image-2022-04-26-at-17.15.14-300x200.jpeg\" alt=\"\" width=\"251\" height=\"167\"><\/p>\n<h4>Aquestes s\u00f3n algunes de les t\u00e8cniques que s&#8217;utilitzen a la consulta:<\/h4>\n<ul>\n<li>Ter\u00e0pia estructural, visceral i craneo-sacral.<\/li>\n<li>Drenatge limf\u00e0tic.<\/li>\n<li>Treball de cicatrius.<\/li>\n<li>Fibrolisis diacut\u00e0nea.<\/li>\n<li>Treball del sol p\u00e8lvic.<\/li>\n<li>Treball intrabucal.<\/li>\n<li>Hipopressius.<\/li>\n<li>Exercici f\u00edsic terap\u00e8utic.<\/li>\n<\/ul>\n\t<h4>Qu\u00e8 \u00e9s la<strong> Osteopatia ?<\/strong><\/h4>\n<p>\u00c9s un art, una filosofia i una ci\u00e8ncia que exigeix un coneixement profund de l&#8217;anatomia, l&#8217;embriologia, la fisiologia i l&#8217;adaptabilitat del cos hum\u00e0.<\/p>\n<p> Tots aquests coneixements ens permet entendre on hi ha limitacions de moviments o circulac\u00f3 del cos i a trav\u00e9s d&#8217;un <strong>tractament manual<\/strong> retornem al cos la capacitat de regenerar-se, re-adaptar-se amb la finalitat de tornar a tenir una <strong>funci\u00f3 \u00f2ptima<\/strong> de la persona.&nbsp;<\/p>\n<p>\u00c9s una pr\u00e0ctica preventiva dirigida a afavorir el benestar per a aque la gent visqui feli\u00e7a i tranquil\u00b7la.<\/p>\n<blockquote><p><strong><em>L&#8217;oste\u00f2pata \u00e9s l&#8217;estudiant de la vida i l&#8217;acompanyant de la Salut.&nbsp;<\/em><\/strong><\/p><\/blockquote>\n<p><em>(Escola de Concepte Osteop\u00e0tic)<\/em><\/p>\n\t<h4>Qu\u00e8 \u00e9s la <strong>Fisioter\u00e0pia<\/strong> ?<\/h4>\n<p>Consisteix en el<strong> tractament corporal<\/strong> mitjan\u00e7ant medis f\u00edsics com el massatge, l&#8217;exercici terap\u00e8utic, calor, fred, llum, aigua i electricitat.<\/p>\n<p>A m\u00e9s, la fisioter\u00e0pia inclou <strong>proves manuals<\/strong> per a determinar el valor de l&#8217;afectaci\u00f3 i la for\u00e7a muscular, proves per a veure les capacitats funcionals, l&#8217;amplitud del moviment articular i mesures de la capacitat vital, aix\u00ed com ajudes diagn\u00f2stiques per al control de <strong>l&#8217;evoluci\u00f3<\/strong> d&#8217;un problema de salut.&nbsp;<\/p>\n<blockquote><p><em><strong>El fisioterapeuta \u00e9s el facilitador del moviment.<\/strong><\/em><\/p><\/blockquote>\n<p><em>(Organitzaci\u00f3 Mundial de la Salut)<\/em><\/p>\n\t\t\t\t<img loading=\"lazy\" decoding=\"async\" src=\"https:\/\/ohanasalut.com\/wp-content\/uploads\/2022\/04\/WhatsApp-Image-2022-04-26-at-17.15.41-1.jpeg\" alt=\"WhatsApp Image 2022-04-26 at 17.15.41 (1)\" itemprop=\"image\" height=\"1600\" width=\"1068\" title=\"WhatsApp Image 2022-04-26 at 17.15.41 (1)\" onerror=\"this.style.display='none'\">\n\t\t\t\t<img loading=\"lazy\" decoding=\"async\" src=\"https:\/\/ohanasalut.com\/wp-content\/uploads\/2023\/04\/31-802x1024.jpg\" alt=\"31\" itemprop=\"image\" height=\"958\" width=\"750\" title=\"31\" onerror=\"this.style.display='none'\">\n\t\t\t\t<img loading=\"lazy\" decoding=\"async\" src=\"https:\/\/ohanasalut.com\/wp-content\/uploads\/2022\/04\/WhatsApp-Image-2022-04-26-at-17.15.56-684x1024.jpeg\" alt=\"WhatsApp Image 2022-04-26 at 17.15.56\" itemprop=\"image\" height=\"1024\" width=\"684\" title=\"WhatsApp Image 2022-04-26 at 17.15.56\" onerror=\"this.style.display='none'\">\n","protected":false},"excerpt":{"rendered":"<p>En qu\u00e8 consisteix aquest servei? Les sessions s\u00f3n de m\u00e0xim una hora on es parla del motiu de consulta i s&#8217;estableix&nbsp;l&#8217;objectiu de Salut que t\u00e9 la persona. Es realitza un diagn\u00f2stic puntual d&#8217; aquell dia i es fa el tractament a trav\u00e9s de ter\u00e0pia manual que m\u00e9s li convingui en [&hellip;]<\/p>\n","protected":false},"author":1,"featured_media":1643,"parent":45,"menu_order":0,"comment_status":"closed","ping_status":"closed","template":"page-templates\/template-fullwidth.php","meta":{"_mc_calendar":[],"footnotes":""},"_links":{"self":[{"href":"https:\/\/ohanasalut.com\/index.php\/wp-json\/wp\/v2\/pages\/620"}],"collection":[{"href":"https:\/\/ohanasalut.com\/index.php\/wp-json\/wp\/v2\/pages"}],"about":[{"href":"https:\/\/ohanasalut.com\/index.php\/wp-json\/wp\/v2\/types\/page"}],"author":[{"embeddable":true,"href":"https:\/\/ohanasalut.com\/index.php\/wp-json\/wp\/v2\/users\/1"}],"replies":[{"embeddable":true,"href":"https:\/\/ohanasalut.com\/index.php\/wp-json\/wp\/v2\/comments?post=620"}],"version-history":[{"count":30,"href":"https:\/\/ohanasalut.com\/index.php\/wp-json\/wp\/v2\/pages\/620\/revisions"}],"predecessor-version":[{"id":2085,"href":"https:\/\/ohanasalut.com\/index.php\/wp-json\/wp\/v2\/pages\/620\/revisions\/2085"}],"up":[{"embeddable":true,"href":"https:\/\/ohanasalut.com\/index.php\/wp-json\/wp\/v2\/pages\/45"}],"wp:featuredmedia":[{"embeddable":true,"href":"https:\/\/ohanasalut.com\/index.php\/wp-json\/wp\/v2\/media\/1643"}],"wp:attachment":[{"href":"https:\/\/ohanasalut.com\/index.php\/wp-json\/wp\/v2\/media?parent=620"}],"curies":[{"name":"wp","href":"https:\/\/api.w.org\/{rel}","templated":true}]}}