{"id":617,"date":"2019-07-19T10:55:13","date_gmt":"2019-07-19T10:55:13","guid":{"rendered":"https:\/\/ohanasalut.com\/?page_id=617"},"modified":"2023-05-25T13:13:24","modified_gmt":"2023-05-25T13:13:24","slug":"infermeria-sistemica","status":"publish","type":"page","link":"https:\/\/ohanasalut.com\/index.php\/serveis\/infermeria-sistemica\/","title":{"rendered":"Infermeria Integrativa"},"content":{"rendered":"\n\n\t<h3>En qu\u00e8 consisteix aquest servei?<\/h3>\n<p>Des de la perspectiva de l&#8217;infermeria integrativa s&#8217;acompanyen processos de Salut utilitzant <strong>recursos de salut<\/strong> convencional units amb la visi\u00f3 de la medicina tradicional xinesa, naturista i energ\u00e8tica.<\/p>\n<p>L&#8217;objectiu \u00e9s determinar en quin <strong>estat de Salut<\/strong> es troba la persona valorant totes les seves \u00e0rees: F\u00edsica, Psicol\u00f2gica i Espiritual.<\/p>\n<p>Es realitza un<strong>\u00a0acompanyament<\/strong>\u00a0en els processos de Salut, de vida i en l&#8217;aplicaci\u00f3 dels recursos fins que s&#8217;aconsegueixin\u00a0<strong>resultats favorables, aut\u00f2noms\u00a0<\/strong>i\u00a0<strong>permanents.<\/strong><\/p>\n<p><strong><img loading=\"lazy\" decoding=\"async\" src=\"https:\/\/ohanasalut.com\/wp-content\/uploads\/2022\/04\/WhatsApp-Image-2022-04-26-at-16.56.27-200x300.jpeg\" alt=\"\" width=\"200\" height=\"300\" \/><\/strong><\/p>\n<h3>Eines i recursos utilitzats:<\/h3>\n<p>S&#8217;utilitzen\u00a0<strong>eines ecol\u00f3giques, econ\u00f2miques i eficaces<\/strong>, que li permetin a la persona desenvolupar\u00a0<strong>h\u00e1bits i estils de vida encaminats a generar Salut i evoluci\u00f3 personal.<\/strong><\/p>\n<ul>\n<li>Assessoria de Salut segons el Model Cl\u00ednic del Benestar.<\/li>\n<li>Medicina Tradicional Xinesa (Acupuntura, Moxibusti\u00f3, Auriculoter\u00e0pia, Fitoter\u00e0pia).<\/li>\n<li>Flors de Bach.<\/li>\n<li>Ter\u00e0pia de Resposta Corporal.<\/li>\n<li>Massatge Terap\u00e8utic.<\/li>\n<li>Fitoter\u00e0pia i Herbologia.<\/li>\n<li>T\u00e8cnica Metam\u00f2rfica.<\/li>\n<li>Reiki Usui.<\/li>\n<\/ul>\n\t\t\t\t<img loading=\"lazy\" decoding=\"async\" src=\"https:\/\/ohanasalut.com\/wp-content\/uploads\/2022\/04\/WhatsApp-Image-2022-04-26-at-16.52.45-684x1024.jpeg\" alt=\"WhatsApp Image 2022-04-26 at 16.52.45\" itemprop=\"image\" height=\"1024\" width=\"684\" title=\"WhatsApp Image 2022-04-26 at 16.52.45\" onerror=\"this.style.display='none'\"  \/>\n\t\t\t\t<img loading=\"lazy\" decoding=\"async\" src=\"https:\/\/ohanasalut.com\/wp-content\/uploads\/2022\/04\/WhatsApp-Image-2022-04-26-at-16.48.42-684x1024.jpeg\" alt=\"WhatsApp Image 2022-04-26 at 16.48.42\" itemprop=\"image\" height=\"1024\" width=\"684\" title=\"WhatsApp Image 2022-04-26 at 16.48.42\" onerror=\"this.style.display='none'\"  \/>\n\t\t\t\t<img loading=\"lazy\" decoding=\"async\" src=\"https:\/\/ohanasalut.com\/wp-content\/uploads\/2022\/04\/WhatsApp-Image-2022-04-26-at-16.48.10-e1650985623330-1024x684.jpeg\" alt=\"Infermeria Integrativa Visita\" itemprop=\"image\" height=\"501\" width=\"750\" title=\"Infermeria Integrativa Visita\" onerror=\"this.style.display='none'\"  \/>\n\t<p><strong>Tots els productes que utilitzem en les visites s\u00f3n Naturals i de la millor qualitat.<\/strong><\/p>\n\n","protected":false},"excerpt":{"rendered":"<p>En qu\u00e8 consisteix aquest servei? Des de la perspectiva de l&#8217;infermeria integrativa s&#8217;acompanyen processos de Salut utilitzant recursos de salut convencional units amb la visi\u00f3 de la medicina tradicional xinesa, naturista i energ\u00e8tica. L&#8217;objectiu \u00e9s determinar en quin estat de Salut es troba la persona valorant totes les seves \u00e0rees: [&hellip;]<\/p>\n","protected":false},"author":1,"featured_media":1631,"parent":45,"menu_order":0,"comment_status":"closed","ping_status":"closed","template":"page-templates\/template-fullwidth.php","meta":{"_mc_calendar":[],"footnotes":""},"_links":{"self":[{"href":"https:\/\/ohanasalut.com\/index.php\/wp-json\/wp\/v2\/pages\/617"}],"collection":[{"href":"https:\/\/ohanasalut.com\/index.php\/wp-json\/wp\/v2\/pages"}],"about":[{"href":"https:\/\/ohanasalut.com\/index.php\/wp-json\/wp\/v2\/types\/page"}],"author":[{"embeddable":true,"href":"https:\/\/ohanasalut.com\/index.php\/wp-json\/wp\/v2\/users\/1"}],"replies":[{"embeddable":true,"href":"https:\/\/ohanasalut.com\/index.php\/wp-json\/wp\/v2\/comments?post=617"}],"version-history":[{"count":14,"href":"https:\/\/ohanasalut.com\/index.php\/wp-json\/wp\/v2\/pages\/617\/revisions"}],"predecessor-version":[{"id":2100,"href":"https:\/\/ohanasalut.com\/index.php\/wp-json\/wp\/v2\/pages\/617\/revisions\/2100"}],"up":[{"embeddable":true,"href":"https:\/\/ohanasalut.com\/index.php\/wp-json\/wp\/v2\/pages\/45"}],"wp:featuredmedia":[{"embeddable":true,"href":"https:\/\/ohanasalut.com\/index.php\/wp-json\/wp\/v2\/media\/1631"}],"wp:attachment":[{"href":"https:\/\/ohanasalut.com\/index.php\/wp-json\/wp\/v2\/media?parent=617"}],"curies":[{"name":"wp","href":"https:\/\/api.w.org\/{rel}","templated":true}]}}