{"id":49,"date":"2018-08-28T08:12:40","date_gmt":"2018-08-28T08:12:40","guid":{"rendered":"https:\/\/mail.ohanasalut.com\/?page_id=49"},"modified":"2026-02-16T18:12:28","modified_gmt":"2026-02-16T18:12:28","slug":"preus","status":"publish","type":"page","link":"https:\/\/ohanasalut.com\/index.php\/preus\/","title":{"rendered":"Preus"},"content":{"rendered":"\n\n\t<h4>Llistat de preus dels nostres serveis:<\/h4>\n<p><strong>Osteopatia i Fisioter\u00e0pia:<\/strong><\/p>\n<ul>\n<li>Visita 60\u20ac<\/li>\n<li>Visita pedi\u00e0trica: 55\u20ac<\/li>\n<\/ul>\n<p><strong>Infermeria Integrativa i acupuntura:<\/strong><\/p>\n<ul>\n<li>Primera visita 65\u20ac<\/li>\n<li>Seg\u00fcents visites 55\u20ac<\/li>\n<\/ul>\n<p><strong>Medicina Integrativa:<\/strong><\/p>\n<ul>\n<li>Primera visita 85\u20ac<\/li>\n<li>Visita de seguiment 75\u20ac<\/li>\n<\/ul>\n<h4><img loading=\"lazy\" decoding=\"async\" src=\"https:\/\/ohanasalut.com\/wp-content\/uploads\/2022\/04\/Captura-223x300.jpg\" alt=\"\" width=\"115\" height=\"155\" \/><\/h4>\n<p><strong>Psiconeuroimmunologia -P.N.I.-<\/strong><\/p>\n<ul>\n<li>Primera visita 90\u20ac (1h 30 min)<\/li>\n<li>Visita 60\u20ac<\/li>\n<li>Visita de seguiment 45\u20ac (30 min)<\/li>\n<\/ul>\n<p><strong>Nutrici\u00f3 i Diet\u00e8tica:<\/strong><\/p>\n<ul>\n<li>Primera visita 90\u20ac (1h 30min)<\/li>\n<li>Visita 65\u20ac<\/li>\n<\/ul>\n<p><strong>Sexualitat Integrativa:<\/strong><\/p>\n<ul>\n<li>Primera visita 90\u20ac (1h 30min)<\/li>\n<li>Visita 65\u20ac<\/li>\n<\/ul>\n<p><strong>Argiloter\u00e0pia o massatge terap\u00e8utic*:\u00a0<\/strong><\/p>\n<ul>\n<li>Visita 70\u20ac (1h &#8211; 1h 30min)<\/li>\n<\/ul>\n<p><em>* Es personalitza cada sessi\u00f3 segons les necessitats de la persona perqu\u00e8 el tractament tingui un efecte positiu sobre la salut. Tots els materials que s&#8217;utilitzen s\u00f3n naturals i ecol\u00f2gics.\u00a0<\/em><\/p>\n<p>&nbsp;<\/p>\n<p><strong>Activitats dirigides:<\/strong><\/p>\n45\u20ac \/ mes. Una classe a la setmana.<br \/>\nNo cobrem matricula!\n<p><strong>Caixes Regal:<\/strong><\/p>\n<ul>\n<li>Preu segons servei escollit m\u00e9s 5\u20ac corresponents al packaging i els detalls de l&#8217;interior.<\/li>\n<\/ul>\n<p><img loading=\"lazy\" decoding=\"async\" src=\"https:\/\/ohanasalut.com\/wp-content\/uploads\/2025\/11\/Copia-de-Plantilla-Post-240x300.png\" alt=\"\" width=\"178\" height=\"223\" \/>Inclou un val regal per una sessi\u00f3 de ter\u00e0pia** o un mes d&#8217;activitats dirigides, caixeta de packaging ecosostenible i detalls varis a l&#8217;interior.<\/p>\n<p>** Es tindr\u00e0 en compte si el destinatari de la caixeta \u00e9s primera visita o ja \u00e9s client habitual. En el cas de ser client habitual es cobrar\u00e0 la tarifa de visita normal.<\/p>\n<p>&nbsp;<\/p>\n\n","protected":false},"excerpt":{"rendered":"<p>Llistat de preus dels nostres serveis: Osteopatia i Fisioter\u00e0pia: Visita 60\u20ac Visita pedi\u00e0trica: 55\u20ac Infermeria Integrativa i acupuntura: Primera visita 65\u20ac Seg\u00fcents visites 55\u20ac Medicina Integrativa: Primera visita 85\u20ac Visita de seguiment 75\u20ac Psiconeuroimmunologia -P.N.I.- Primera visita 90\u20ac (1h 30 min) Visita 60\u20ac Visita de seguiment 45\u20ac (30 min) Nutrici\u00f3 [&hellip;]<\/p>\n","protected":false},"author":1,"featured_media":644,"parent":0,"menu_order":0,"comment_status":"closed","ping_status":"closed","template":"page-templates\/template-fullwidth.php","meta":{"_mc_calendar":[],"footnotes":""},"_links":{"self":[{"href":"https:\/\/ohanasalut.com\/index.php\/wp-json\/wp\/v2\/pages\/49"}],"collection":[{"href":"https:\/\/ohanasalut.com\/index.php\/wp-json\/wp\/v2\/pages"}],"about":[{"href":"https:\/\/ohanasalut.com\/index.php\/wp-json\/wp\/v2\/types\/page"}],"author":[{"embeddable":true,"href":"https:\/\/ohanasalut.com\/index.php\/wp-json\/wp\/v2\/users\/1"}],"replies":[{"embeddable":true,"href":"https:\/\/ohanasalut.com\/index.php\/wp-json\/wp\/v2\/comments?post=49"}],"version-history":[{"count":58,"href":"https:\/\/ohanasalut.com\/index.php\/wp-json\/wp\/v2\/pages\/49\/revisions"}],"predecessor-version":[{"id":2417,"href":"https:\/\/ohanasalut.com\/index.php\/wp-json\/wp\/v2\/pages\/49\/revisions\/2417"}],"wp:featuredmedia":[{"embeddable":true,"href":"https:\/\/ohanasalut.com\/index.php\/wp-json\/wp\/v2\/media\/644"}],"wp:attachment":[{"href":"https:\/\/ohanasalut.com\/index.php\/wp-json\/wp\/v2\/media?parent=49"}],"curies":[{"name":"wp","href":"https:\/\/api.w.org\/{rel}","templated":true}]}}