{"id":43,"date":"2018-08-28T08:12:09","date_gmt":"2018-08-28T08:12:09","guid":{"rendered":"https:\/\/mail.ohanasalut.com\/?page_id=43"},"modified":"2025-10-02T21:05:11","modified_gmt":"2025-10-02T21:05:11","slug":"sobre-nosaltres","status":"publish","type":"page","link":"https:\/\/ohanasalut.com\/index.php\/sobre-nosaltres\/","title":{"rendered":"L&#8217;equip d&#8217;Ohana"},"content":{"rendered":"\n<h2>\n\t\tL&#8217;equip d&#8217;Ohana Salut Integrativa\n\t<\/h2>\n\t<p>En nostre equip est\u00e0 format per diferents professionals sanitaris que complementem la professi\u00f3 amb ter\u00e0pies complement\u00e0ries, per fomentar el benestar, la cura i l&#8217;acompanyament en diferents processos de vida.<\/p>\n\t\t\t\t<img loading=\"lazy\" decoding=\"async\" src=\"https:\/\/ohanasalut.com\/wp-content\/uploads\/2022\/05\/DSC_9665-scaled.jpg\" alt=\"DSC_9665\" itemprop=\"image\" height=\"2560\" width=\"1709\" title=\"DSC_9665\" onerror=\"this.style.display='none'\"  \/>\n\t<h4><strong>Laura Bagu\u00e9 Vil\u00e0<\/strong><\/h4>\n<h5>Infermera Integrativa i Acupuntora<\/h5>\n<p><a href=\"https:\/\/ohanasalut.com\/index.php\/sobre-nosaltres\/laura-bague-vila\/\">M\u00e9s sobre mi<\/a><\/p>\n\t\t\t\t<img loading=\"lazy\" decoding=\"async\" src=\"https:\/\/ohanasalut.com\/wp-content\/uploads\/2024\/09\/DSC00205-1-scaled.jpg\" alt=\"DSC00205\" itemprop=\"image\" height=\"2560\" width=\"1707\" title=\"DSC00205\" onerror=\"this.style.display='none'\"  \/>\n\t<h4><strong>\u00c0ngels Bagu\u00e9 Vil\u00e0<\/strong><\/h4>\n<h5>Fisioterapeuta i Oste\u00f2pata<\/h5>\n<p><a href=\"https:\/\/ohanasalut.com\/index.php\/sobre-nosaltres\/angels-bague-vila\/?fl_builder\">M\u00e9s sobre mi<\/a><\/p>\n\t\t\t\t<img loading=\"lazy\" decoding=\"async\" src=\"https:\/\/ohanasalut.com\/wp-content\/uploads\/2025\/04\/DSC00184-scaled.jpg\" alt=\"DSC00184\" itemprop=\"image\" height=\"2560\" width=\"1707\" title=\"DSC00184\" onerror=\"this.style.display='none'\"  \/>\n\t<h4><strong>Anna Bordas<\/strong><\/h4>\n<h5>Infermera Acupuntora<\/h5>\n<p><a href=\"https:\/\/ohanasalut.com\/index.php\/sobre-nosaltres\/anna-bordas\/\">M\u00e9s sobre mi<\/a><\/p>\n\t\t\t\t<img loading=\"lazy\" decoding=\"async\" src=\"https:\/\/ohanasalut.com\/wp-content\/uploads\/2025\/04\/imatge-perfil-ohana.jpg\" alt=\"imatge perfil ohana\" itemprop=\"image\" height=\"1600\" width=\"1066\" title=\"imatge perfil ohana\" onerror=\"this.style.display='none'\"  \/>\n\t<h4><strong>Marc Torres<\/strong><\/h4>\n<h5>Oste\u00f2pata, Infermer i Fisioterapeuta<\/h5>\n<p><a href=\"https:\/\/ohanasalut.com\/index.php\/sobre-nosaltres\/marc-torres\/\">M\u00e9s sobre mi<\/a><\/p>\n\t\t\t\t<img loading=\"lazy\" decoding=\"async\" src=\"https:\/\/ohanasalut.com\/wp-content\/uploads\/2023\/06\/WhatsApp-Image-2023-06-13-at-10.22.40.jpeg\" alt=\"WhatsApp Image 2023-06-13 at 10.22.40\" itemprop=\"image\" height=\"1600\" width=\"1200\" title=\"WhatsApp Image 2023-06-13 at 10.22.40\" onerror=\"this.style.display='none'\"  \/>\n\t<h4><strong>Gerard Casas<\/strong><\/h4>\n<h5>Metge especialista en Medicina Familiar i Comunit\u00e0ria i Fisioterapeuta<\/h5>\n<p><a href=\"https:\/\/ohanasalut.com\/?page_id=2089\">M\u00e9s sobre mi<\/a><\/p>\n\t\t\t\t<img loading=\"lazy\" decoding=\"async\" src=\"https:\/\/ohanasalut.com\/wp-content\/uploads\/2022\/06\/DSC_0040-scaled.jpg\" alt=\"DSC_0040\" itemprop=\"image\" height=\"2560\" width=\"1709\" title=\"DSC_0040\" onerror=\"this.style.display='none'\"  \/>\n\t<h4><strong>Sonia Morillo<\/strong><\/h4>\n<h5>Nutricionista i Sex\u00f2loga<\/h5>\n<p><a href=\"https:\/\/ohanasalut.com\/index.php\/sobre-nosaltres\/sonia-morillo\/\">M\u00e9s sobre mi<\/a><\/p>\n\n","protected":false},"excerpt":{"rendered":"<p>L&#8217;equip d&#8217;Ohana Salut Integrativa En nostre equip est\u00e0 format per diferents professionals sanitaris que complementem la professi\u00f3 amb ter\u00e0pies complement\u00e0ries, per fomentar el benestar, la cura i l&#8217;acompanyament en diferents processos de vida. Laura Bagu\u00e9 Vil\u00e0 Infermera Integrativa i Acupuntora M\u00e9s sobre mi \u00c0ngels Bagu\u00e9 Vil\u00e0 Fisioterapeuta i Oste\u00f2pata M\u00e9s [&hellip;]<\/p>\n","protected":false},"author":1,"featured_media":2398,"parent":0,"menu_order":0,"comment_status":"closed","ping_status":"closed","template":"page-templates\/template-fullwidth.php","meta":{"_mc_calendar":[],"footnotes":""},"_links":{"self":[{"href":"https:\/\/ohanasalut.com\/index.php\/wp-json\/wp\/v2\/pages\/43"}],"collection":[{"href":"https:\/\/ohanasalut.com\/index.php\/wp-json\/wp\/v2\/pages"}],"about":[{"href":"https:\/\/ohanasalut.com\/index.php\/wp-json\/wp\/v2\/types\/page"}],"author":[{"embeddable":true,"href":"https:\/\/ohanasalut.com\/index.php\/wp-json\/wp\/v2\/users\/1"}],"replies":[{"embeddable":true,"href":"https:\/\/ohanasalut.com\/index.php\/wp-json\/wp\/v2\/comments?post=43"}],"version-history":[{"count":46,"href":"https:\/\/ohanasalut.com\/index.php\/wp-json\/wp\/v2\/pages\/43\/revisions"}],"predecessor-version":[{"id":2399,"href":"https:\/\/ohanasalut.com\/index.php\/wp-json\/wp\/v2\/pages\/43\/revisions\/2399"}],"wp:featuredmedia":[{"embeddable":true,"href":"https:\/\/ohanasalut.com\/index.php\/wp-json\/wp\/v2\/media\/2398"}],"wp:attachment":[{"href":"https:\/\/ohanasalut.com\/index.php\/wp-json\/wp\/v2\/media?parent=43"}],"curies":[{"name":"wp","href":"https:\/\/api.w.org\/{rel}","templated":true}]}}