{"id":391,"date":"2018-05-15T11:54:21","date_gmt":"2018-05-15T10:54:21","guid":{"rendered":"https:\/\/ohanasalut.com\/?page_id=391"},"modified":"2022-06-05T18:17:46","modified_gmt":"2022-06-05T18:17:46","slug":"avis-legal","status":"publish","type":"page","link":"https:\/\/ohanasalut.com\/index.php\/avis-legal\/","title":{"rendered":"Av\u00eds legal"},"content":{"rendered":"\n<p>Volem que la vostra navegaci\u00f3 a trav\u00e9s del nostre lloc web sigui el m\u00e9s segura, transparent i c\u00f2mode possible. A continuaci\u00f3, posem a la vostra disposici\u00f3 tota la informaci\u00f3 legal relacionada amb l\u2019\u00fas del nostre lloc web.<\/p>\n\n\n\n<p>L\u2019acc\u00e9s, la navegaci\u00f3 i l\u2019\u00fas del lloc web posat a disposici\u00f3 pel titular implica el coneixement i l\u2019acceptaci\u00f3 de les disposicions d\u2019aquest av\u00eds legal, els termes dels quals tenen la mateixa validesa i efectivitat que qualsevol contracte concl\u00f2s per escrit i signat.<\/p>\n\n\n\n<p>L\u2019observan\u00e7a i el compliment de les disposicions de l\u2019av\u00eds legal seran aplicables a qualsevol persona que accedeixi, navegui o utilitzi el lloc web. Si no esteu d\u2019acord amb els termes establerts, no accediu, navegueu ni utilitzeu el lloc web.<\/p>\n\n\n\n<p>Quan s&#8217;utilitza el lloc web, es compromet a utilitzar els serveis i els continguts d&#8217;acord amb la legislaci\u00f3 vigent i el que estableix aquest av\u00eds legal, reconeixent i acceptant que l&#8217;\u00fas del contingut i\/o serveis que ofereix el seu propietari ser\u00e0 sota el seu risc exclusiu i\/o responsabilitat.<\/p>\n\n\n\n<h2 class=\"wp-block-heading\">1. Dades d&#8217;ohana<\/h2>\n\n\n\n<ul><li><strong>Nom comercial<\/strong>: Ohana Salud Integrativa, (en endavant, &#8220;OHANA&#8221;)<\/li><li><strong>Responsables<\/strong>: Laura Bagu\u00e9 Vil\u00e0 i \u00c0ngels Bagu\u00e9 Vil\u00e0<\/li><li><strong>NIF<\/strong>: 40452437Z i 40452436J<\/li><li><strong>Domicili social<\/strong>: Pla\u00e7a Assumpci\u00f3 n.\u00ba 6 Baixos, 17005 Girona (Espanya)<\/li><li><strong>E-mail<\/strong>: info@ohanasalut.com<\/li><\/ul>\n\n\n\n<h2 class=\"wp-block-heading\">2. Objecte i \u00e0mbit d&#8217;aplicaci\u00f3<\/h2>\n\n\n\n<p>El present Av\u00eds Legal regula l&#8217;acc\u00e9s, navegaci\u00f3 i utilitzaci\u00f3 de la P\u00e0gina Web, sempre de manera gratu\u00efta, aix\u00ed com que pugui disposar de la informaci\u00f3 que oferim a trav\u00e9s de la Web.<\/p>\n\n\n\n<p>La prestaci\u00f3 del servei de la P\u00e0gina Web t\u00e9 una durada limitada al moment en el qual l&#8217;usuari es trobi connectat a la P\u00e0gina Web.<\/p>\n\n\n\n<p>OHANA es reserva la facultat de realitzar, en qualsevol moment i sense necessitat de preav\u00eds, qualsevol modificaci\u00f3 o actualitzaci\u00f3 dels continguts, del present Av\u00eds Legal i, en general, de quants elements integrin el disseny i configuraci\u00f3 de la seva P\u00e0gina Web.<\/p>\n\n\n\n<p>En qualsevol cas, per a ser Client de OHANA, has d&#8217;estar interessat en els serveis que oferim, sense necessitat de ser major d&#8217;edat per a alguns serveis, sempre que hi hagi l\u2019autoritzaci\u00f3 dels pares o tutors, o b\u00e9 que essent major d&#8217;edat, l\u2019usuari disposi, l\u00f2gicament, de capacitat per a contractar.<\/p>\n\n\n\n<h2 class=\"wp-block-heading\">3. Serveis i contingut del lloc web<\/h2>\n\n\n\n<p>El lloc web inclou informaci\u00f3 dirigida als visitants del lloc web.<\/p>\n\n\n\n<p>Ohana es reserva el dret de decidir en tot moment el contingut mostrat a l\u2019usuari, podent eliminar -lo i afegir -ne de nou en qualsevol moment.<\/p>\n\n\n\n<p>Qualsevol canvi en aquest sentit es publicar\u00e0 visiblement al lloc web, indicant la data de la darrera actualitzaci\u00f3 a la part inferior del document. Si continueu utilitzant els serveis prestats al lloc web, un cop modificat l\u2019av\u00eds legal, s\u2019entendr\u00e0 que accepteu aquestes modificacions.<\/p>\n\n\n\n<h2 class=\"wp-block-heading\">4. Tipus d&#8217;usuaris de la web<\/h2>\n\n\n\n<p>La nostra p\u00e0gina web disposa del seg\u00fcent tipus d\u2019usuari:<\/p>\n\n\n\n<ul><li><strong>a) Follower a les xarxes socials<\/strong>: \u00e9s la persona que segueix Ohana a les xarxes socials corporatives o als perfils de xarxes socials.<\/li><li>b) <strong>Sol\u00b7licitant d\u2019informaci\u00f3 o usuari interessat<\/strong>: \u00e9s la persona que es posa en contacte amb nosaltres per qualsevol dels mitjans previstos per sol\u00b7licitar informaci\u00f3 sobre la web i\/o els nostres serveis.<\/li><li>c) <strong>Visitant o observador<\/strong>: \u00c9s la persona que simplement entra i navega per la nostra plataforma.<\/li><\/ul>\n\n\n\n<h2 class=\"wp-block-heading\">5. Drets de propietat intel\u00b7lectual<\/h2>\n\n\n\n<p>Ohana \u00e9s el propietari o, si escau, disposa de les llic\u00e8ncies corresponents, sobre els drets d\u2019explotaci\u00f3 de la propietat intel\u00b7lectual del lloc web, aix\u00ed com els drets de propietat intel\u00b7lectual sobre la informaci\u00f3, materials i continguts publicats en ella, inclosos, entre d\u2019altres, codi font, dissenys, dissenys, estructura de navegaci\u00f3, imatges, gr\u00e0fics, m\u00fasica, so, fotografies, v\u00eddeos i textos escrits en qualsevol idioma, inclosos els codis de programaci\u00f3.<\/p>\n\n\n\n<p>En cap cas s\u2019entendr\u00e0 que l\u2019acc\u00e9s, la navegaci\u00f3 i l\u2019\u00fas del lloc web per part de l\u2019usuari implica una ren\u00fancia, una transmissi\u00f3, una llic\u00e8ncia o una tasca total o parcial de qualsevol dret de propietat intel\u00b7lectual per part d\u2019Ohana.<\/p>\n\n\n\n<p>Cap contingut de la P\u00e0gina Web podr\u00e0 ser modificat, copiat, distribu\u00eft, emmarcat, reprodu\u00eft, republicat, descarregat, extret, mostrat, publicat, transm\u00e8s o venut de cap manera o per cap mitj\u00e0, totalment o parcialment, sense el previ consentiment per escrit d\u2019OHANA. Qualsevol altre \u00fas del contingut de la P\u00e0gina Web queda aix\u00ed mateix terminantment prohibit, amb l&#8217;\u00fanica excepci\u00f3 de l&#8217;\u00fas en l&#8217;\u00e0mbit estrictament dom\u00e8stic.<\/p>\n\n\n\n<p>Queda expressament prohibida la utilitzaci\u00f3, sense previ consentiment, de qualsevol element de la P\u00e0gina Web que sigui objecte de protecci\u00f3 d&#8217;acord amb la legislaci\u00f3 vigent de propietat intel\u00b7lectual o industrial. En particular, no podran utilitzar-se noms comercials, r\u00e8tols d&#8217;establiments, obres, denominacions, logotips, esl\u00f2gans o qualsevol tipus de signe distintiu pertanyent a OHANA.<\/p>\n\n\n\n<p>La utilitzaci\u00f3 no autoritzada de la informaci\u00f3 continguda en la P\u00e0gina Web, aix\u00ed com qualsevol tipus de lesi\u00f3 dels drets de propietat intel\u00b7lectual o industrial d\u2019 OHANA, donar\u00e0 lloc a les responsabilitats legalment establertes.<\/p>\n\n\n\n<h2 class=\"wp-block-heading\">6. Enlla\u00e7os d&#8217;altres p\u00e0gines al lloc web<\/h2>\n\n\n\n<p>OHANA no autoritza l&#8217;establiment d&#8217;un enlla\u00e7 a la present P\u00e0gina Web des d&#8217;altres p\u00e0gines web que continguin materials, informaci\u00f3 o continguts il\u00b7l\u00edcits, il\u00b7legals, degradants, obscens i, en general, que contravinguin les lleis, la moral o l&#8217;ordre p\u00fablic, o les normes socials generalment acceptades.<\/p>\n\n\n\n<p>OHANA no t\u00e9 facultat ni mitjans humans ni t\u00e8cnics per a con\u00e8ixer, controlar ni aprovar tota la informaci\u00f3, continguts, serveis facilitats per altres llocs web que tinguin enlla\u00e7os amb la nostra P\u00e0gina Web. <\/p>\n\n\n\n<p>OHANA no assumeix cap mena de responsabilitat per cap aspecte relatiu a les p\u00e0gines web que estableixen un enlla\u00e7 a la present P\u00e0gina Web; en concret, a t\u00edtol enunciatiu i no taxatiu, sobre el seu funcionament, acc\u00e9s, dades, informaci\u00f3, arxius, qualitat i fiabilitat dels seus serveis, els seus propis enlla\u00e7os i\/o qualsevol dels seus continguts, en general.<\/p>\n\n\n\n<p>En qualsevol cas, OHANA es reserva el dret a prohibir els enlla\u00e7os a la P\u00e0gina Web i a exigir la seva retirada quan aquests no compleixin les condicions exigides en aquest apartat.<\/p>\n\n\n\n<h2 class=\"wp-block-heading\">7. Condicions d&#8217;\u00fas del lloc web<\/h2>\n\n\n\n<h2 class=\"has-medium-font-size wp-block-heading\">7.1. Usos prohibits i conseq\u00fc\u00e8ncies<\/h2>\n\n\n\n<p>No est\u00e0 perm\u00e8s i, per tant, les seves conseq\u00fc\u00e8ncies seran d&#8217;exclusiva responsabilitat de l&#8217;usuari, l&#8217;acc\u00e9s o la utilitzaci\u00f3 de la P\u00e0gina Web amb finalitats il\u00b7legals o no autoritzades, amb o sense finalitat econ\u00f2mica. En concret i espec\u00edficament, amb car\u00e0cter enunciatiu, per\u00f2 no limitatiu, queda prohibit: (1) Emprar la P\u00e0gina Web de forma que pugui provocar danys, interrupcions, inefici\u00e8ncies o defectes en la seva funcionalitat o a l&#8217;ordinador d&#8217;un tercer;(2) Emprar la P\u00e0gina Web per a la transmissi\u00f3, la instal\u00b7laci\u00f3 o la publicaci\u00f3 de qualsevol virus, codi malici\u00f3s o altres programes o arxius perjudicials; (3) Utilitzar la P\u00e0gina Web per a recollir dades de car\u00e0cter personal d&#8217;altres usuaris sense complir amb els par\u00e8metres que estableix la llei; (4) Registrar-se o comunicar-se amb OHANA a trav\u00e9s de la P\u00e0gina Web amb una identitat falsa, aportant dades o informacions falses, suplantant a tercers o realitzant qualsevol altra acci\u00f3 que pugui confondre a altres usuaris sobre la identitat de l&#8217;origen d&#8217;un missatge; (5) Accedir sense autoritzaci\u00f3 a qualsevol secci\u00f3 de la P\u00e0gina Web, a altres sistemes o xarxes connectades a aquest, a cap servidor d\u2019 OHANA ni als serveis oferts a trav\u00e9s de la P\u00e0gina Web, per mitj\u00e0 d\u2019accions de pirateig o falsificaci\u00f3, extracci\u00f3 de contrasenyes o qualsevol altre mitj\u00e0 il\u00b7leg\u00edtim; (6) Infringir, o intentar infringir, les mesures de seguretat o autenticaci\u00f3 de la P\u00e0gina Web o de qualsevol xarxa connectada a aquesta, o les mesures de seguretat o protecci\u00f3 inherents als continguts presentats en la P\u00e0gina Web.<\/p>\n\n\n\n<p>L&#8217;incompliment per l&#8217;usuari de qualsevol d&#8217;aquestes condicions d&#8217;\u00fas podr\u00e0 comportar l&#8217;adopci\u00f3 per part d\u2019 OHANA de les mesures oportunes d\u2019acord amb l\u2019establert i en l&#8217;exercici dels seus drets o obligacions. <\/p>\n\n\n\n<p>OHANA podr\u00e0 arribar a impedir l&#8217;acc\u00e9s a la P\u00e0gina Web o la possibilitat de participar en els espais habilitats en el mateix als usuaris que incompleixin aquestes condicions, sense que hi hagi possibilitat de cap indemnitzaci\u00f3 pels danys i perjudicis causats. <\/p>\n\n\n\n<p>De la mateixa manera, la P\u00e0gina Web pot ser que compti amb enlla\u00e7os als perfils a xarxes socials d\u2019 OHANA, on els usuaris poden publicar comentaris i continguts.<\/p>\n\n\n\n<p>OHANA no pot controlar quin \u00fas realitzaran altres persones d&#8217;aquests continguts i, per tant, no es fa responsable d&#8217;aix\u00f2.<\/p>\n\n\n\n<p>Cal tenir en compte que OHANA no controla de manera pr\u00e8via el contingut publicat pels usuaris en la P\u00e0gina Web o en els seus perfils a les xarxes socials, per la qual cosa no assumeix cap responsabilitat per aquestes publicacions.<\/p>\n\n\n\n<p>No obstant aix\u00f2, OHANA es reserva la possibilitat de supervisar i\/o moderar qualsevol contingut publicat pels usuaris i, en cas que algun d&#8217;aquests vulneri el que es disposa en el present Av\u00eds Legal o en la Pol\u00edtica de Privacitat, d&#8217;eliminar-lo, totalment o parcialment.<\/p>\n\n\n\n<p>En particular, queda terminantment prohibit publicar continguts: (1) Que puguin ser considerats com una vulneraci\u00f3 en qualsevol forma dels drets fonamentals a l&#8217;honor, a la intimitat personal i familiar o a la pr\u00f2pia imatge de tercers i, molt especialment, dels menors d&#8217;edat, o de qualssevol altres drets i llibertats fonamentals; (3) Que incloguin o enllacin a fotografies que recullin imatges o dades personals de tercers sense haver obtingut l&#8217;oport\u00fa consentiment dels seus titulars; (4) Que vulnerin el secret de les comunicacions o que suposin una infracci\u00f3 de drets de propietat intel\u00b7lectual i industrial o de les normes reguladores de la protecci\u00f3 de dades de car\u00e0cter personal; (5) Que continguin qualsevol material o informaci\u00f3 que sigui il\u00b7legal, racista, obscena, pornogr\u00e0fica, abusiva, difamat\u00f2ria, enganyosa, fraudulenta o de qualsevol forma contr\u00e0ria a la moral o a l&#8217;ordre p\u00fablic; (6) Que continguin \u201cspam\u201d i\/o enlla\u00e7os a llocs sense relaci\u00f3 amb l&#8217;espai corresponent; (7) Que incloguin publicitat o comunicacions comercials, per a<br>l&#8217;emissi\u00f3 de missatges amb finalitat publicit\u00e0ria o per a la captaci\u00f3 de dades amb la mateixa fi, i especialment qualsevol tipus d&#8217;informaci\u00f3, element o contingut que constitueixi publicitat il\u00b7l\u00edcita o deslleial.<\/p>\n\n\n\n<p>L&#8217;incompliment per l&#8217;usuari de qualsevol d&#8217;aquestes condicions d&#8217;\u00fas podr\u00e0 comportar l&#8217;adopci\u00f3 per part d\u2019 OHANA de les mesures oportunes emparades en Dret i en l&#8217;exercici dels seus drets o obligacions<\/p>\n\n\n\n<h2 class=\"has-medium-font-size wp-block-heading\">7.2. Usos autoritzats<\/h2>\n\n\n\n<p>Els Usuaris poden veure, imprimir, copiar o emmagatzemar els elements d&#8217;aquesta Web exclusivament i nom\u00e9s per a usos personals i privats. Per tant, els Usuaris no poden utilitzar aquests elements amb finalitats comercials com la seva distribuci\u00f3, modificaci\u00f3 o alteraci\u00f3.<\/p>\n\n\n\n<p>No obstant aix\u00f2, com a excepci\u00f3 a l&#8217;indicat a l&#8217;apartat 5, OHANA permet als Usuaris esmentar els articles publicats a la Web a trav\u00e9s de les xarxes socials, realitzant accions com &#8220;tuitejar, retuitejar, compartir, bloguejar&#8221; o similars, sempre que es respecti la titularitat d\u2019 OHANA o dels autors indicats en els corresponents articles o continguts.<\/p>\n\n\n\n<h2 class=\"has-medium-font-size wp-block-heading\">7.3. Drets<\/h2>\n\n\n\n<h2 class=\"has-small-font-size wp-block-heading\">7.3.1. Drets dels usuaris<\/h2>\n\n\n\n<ul><li>Els usuaris tenen dret a navegar pel lloc web subjecte a les normes establertes als termes legals.<\/li><li>Els usuaris tenen dret a plantejar qualsevol pregunta, comentar o exercir els seus drets despr\u00e9s dels procediments establerts en aquest lloc web.<\/li><li>Els usuaris tamb\u00e9 tenen dret a la protecci\u00f3 de les seves dades personals, tractats en termes de m\u00e0xima privacitat i d\u2019acord amb la Pol\u00edtica de privacitat i protecci\u00f3 de dades establerta per Ohana.<\/li><\/ul>\n\n\n\n<h2 class=\"has-small-font-size wp-block-heading\">7.3.2 Drets d\u2019Ohana<\/h2>\n\n\n\n<ul><li>Ohana t\u00e9 el dret de tractar les dades dels usuaris d\u2019acord amb les disposicions d\u2019aquest av\u00eds i segons la Pol\u00edtica de privacitat d\u2019aquesta p\u00e0gina web.<\/li><li>Ohana pot utilitzar aquesta informaci\u00f3 per respondre a les vostres consultes, poder dur a terme totes les mesures adequades d\u2019acord amb la llei i proporcionar el servei de manera efica\u00e7.<\/li><\/ul>\n\n\n\n<h2 class=\"wp-block-heading\">8. Responsabilitats i garanties<\/h2>\n\n\n\n<h2 class=\"has-medium-font-size wp-block-heading\">8.1. Exclusions de la responsabilitat<\/h2>\n\n\n\n<p>OHANA no pot garantir la fiabilitat, utilitat, actualitat o veracitat d&#8217;absolutament tota la informaci\u00f3 i\/o dels serveis de la P\u00e0gina Web.<\/p>\n\n\n\n<p>En conseq\u00fc\u00e8ncia, OHANA no garanteix ni es fa responsable de: (i) la veracitat i la continu\u00eftat dels continguts de la P\u00e0gina Web; (ii) l&#8217;abs\u00e8ncia d&#8217;errors en aquests continguts; (iii) l&#8217;abs\u00e8ncia de virus i\/o altres components nocius en la P\u00e0gina Web o al servidor que subministra els serveis; (iv) els danys produ\u00efts en els equips inform\u00e0tics dels usuaris o de tercers durant la prestaci\u00f3 del servei de la P\u00e0gina Web; (v) la no vulnerabilitat de la P\u00e0gina Web i\/o la impossibilitat de vulnerar les mesures de seguretat que s&#8217;adoptin en ella; ) la falta d&#8217;utilitat o rendiment dels continguts de la P\u00e0gina Web; (vii) els danys o perjudicis de qualsevol tipus produ\u00efts en l&#8217;usuari que siguin degut a fallades o desconnexions a les xarxes de telecomunicacions i que produeixin la suspensi\u00f3, cancel\u00b7laci\u00f3 o interrupci\u00f3 del servei durant la prestaci\u00f3 del mateix o amb car\u00e0cter previ, i (viii) els danys o perjudicis que causi, a s\u00ed mateix o a un tercer, qualsevol persona que infring\u00eds les condicions, normes i instruccions que OHANA estableix en relaci\u00f3 amb la P\u00e0gina Web o a trav\u00e9s de la vulneraci\u00f3 dels seus sistemes de seguretat.<\/p>\n\n\n\n<h2 class=\"has-medium-font-size wp-block-heading\">8.2. Compromisos<\/h2>\n\n\n\n<p>No obstant aix\u00f2, OHANA declara que ha adoptat totes les mesures necess\u00e0ries, dins de les seves  possibilitats i de l&#8217;estat de la t\u00e8cnica, per a garantir el funcionament de la P\u00e0gina Web i reduir al m\u00ednim els errors del sistema, tant des del punt de vista t\u00e8cnic, com dels continguts publicats a la P\u00e0gina Web.<\/p>\n\n\n\n<p>Si l&#8217;usuari tingu\u00e9s coneixement de la publicaci\u00f3 d&#8217;alguna dada inexacta, desactualizado i\/o falsa o de l&#8217;exist\u00e8ncia d&#8217;algun contingut il\u00b7l\u00edcit, il\u00b7legal, contrari a les lleis o que pogu\u00e9s suposar una infracci\u00f3 de drets de propietat intel\u00b7lectual o industrial, de la normativa aplicable en material de protecci\u00f3 de dades personals i\/o de qualsevol altre dret, haur\u00e0 de notificar-ho immediatament a OHANA perqu\u00e8 aquesta pugui procedir a l&#8217;adopci\u00f3 de les mesures oportunes.<\/p>\n\n\n\n<h2 class=\"has-medium-font-size wp-block-heading\">8.3. Altres responsabilitats o deures<\/h2>\n\n\n\n<p>Si OHANA fos declarada no responsable de qualsevol mal o perjudici en un procediment judicial o extrajudicial que sigui provocat per qualsevol infracci\u00f3 d&#8217;aquestes condicions, per un Tribunal o Entitat P\u00fablica Administrativa competent, i l&#8217;Usuari fos declarat responsable, OHANA podr\u00e0 repetir contra l&#8217;Usuari totes les quantitats que l&#8217;empresa hagi abonat incloent el mal emergent i el lucre cessant, aix\u00ed com qualsevol despesa, incloent impostos, honoraris, advocats, perits, arbitratges, viatges o estades.<\/p>\n\n\n\n<p>OHANA es reserva el dret de comunicar la informaci\u00f3 confidencial o personal dels Usuaris quan aix\u00ed ho imposi la llei, reglament, ordenan\u00e7a i\/o qualsevol altre mandat legal, judicial o governamental..<\/p>\n\n\n\n<h2 class=\"wp-block-heading\">9. Funcionament del lloc web<\/h2>\n\n\n\n<p>OHANA mantindr\u00e0 la P\u00e0gina Web operativa durant tot l&#8217;any, les 24 hores del dia, sempre que l&#8217;estat de la t\u00e8cnica ho permeti.<\/p>\n\n\n\n<p>No obstant aix\u00f2, OHANA es reserva el dret a modificar o interrompre totalment o parcialment l&#8217;acc\u00e9s al sistema quan el servei necessiti una actuaci\u00f3 de manteniment, i actualitzaci\u00f3 o a reparar el sistema o el servidor d&#8217;Internet, sense obligaci\u00f3 de comunicar-ho als seus Usuaris.<\/p>\n\n\n\n<p>Es comunicar\u00e0 quan sigui possible a trav\u00e9s de les vies habituals d&#8217;informaci\u00f3 als Usuaris. Si els Usuaris detecten qualsevol anomalia, interfer\u00e8ncia de tercers, errors del sistema o mal funcionament de la Web hauran de notificar-ho a OHANA perqu\u00e8 es prengui una soluci\u00f3 adequada si \u00e9s possible.<\/p>\n\n\n\n<h2 class=\"wp-block-heading\">10. Pol\u00edtica de privacitat i cookies<\/h2>\n\n\n\n<p>El registre, l\u2019acc\u00e9s i l\u2019\u00fas dels serveis que ofereix Ohana al seu lloc web requereix que l\u2019usuari proporcioni certes dades sobre ell mateix, en els formularis del lloc web, d\u2019acord amb les disposicions de la Pol\u00edtica de privacitat. A m\u00e9s, algunes funcionalitats de la web depenen de l\u2019\u00fas de cookies, segons s\u2019informa a la Pol\u00edtica de cookies.<\/p>\n\n\n\n<p>Sempre que l\u2019usuari proporcioni dades personals, ell en ser\u00e0 l\u2019\u00fanic responsable de la veracitat i la precisi\u00f3 d\u2019aquestes dades, de manera que qualsevol actualitzaci\u00f3 d\u2019aquestes haur\u00e0 de comunicar -se a Ohana el m\u00e9s aviat possible.<\/p>\n\n\n\n<h2 class=\"wp-block-heading\">11. Nul\u00b7litat i inefici\u00e8ncia de les cl\u00e0usules<\/h2>\n\n\n\n<p>Si alguna cl\u00e0usula inclosa en aquest av\u00eds legal es declara totalment o parcialment nul\u00b7la o inefica\u00e7, aquesta nul\u00b7litat o inefic\u00e0cia suposar\u00e0 que es tingui en compte aquesta disposici\u00f3 totalment o parcialment com a no inclosa.<\/p>\n\n\n\n<h2 class=\"wp-block-heading\">12. Dret aplicable i jurisdicci\u00f3 competent<\/h2>\n\n\n\n<p>En el cas que sorgeixi qualsevol conflicte o discrep\u00e0ncia en la interpretaci\u00f3 o aplicaci\u00f3 de les presents condicions, els Jutjats i Tribunals que coneixeran de l&#8217;assumpte, seran els establerts per la normativa legal aplicable en mat\u00e8ria de jurisdicci\u00f3 competent.<\/p>\n\n\n\n<p>Si la situaci\u00f3 dels Usuaris \u00e9s la d&#8217;un consumidor final seran els jutjats corresponents al seu domicili el tribunal competent.<\/p>\n\n\n\n<p>En el cas de les persones jur\u00eddiques, les parts se sotmetran als tribunals de Girona.<\/p>\n","protected":false},"excerpt":{"rendered":"<p>Volem que la vostra navegaci\u00f3 a trav\u00e9s del nostre lloc web sigui el m\u00e9s segura, transparent i c\u00f2mode possible. A continuaci\u00f3, posem a la vostra disposici\u00f3 tota la informaci\u00f3 legal relacionada amb l\u2019\u00fas del nostre lloc web. L\u2019acc\u00e9s, la navegaci\u00f3 i l\u2019\u00fas del lloc web posat a disposici\u00f3 pel titular [&hellip;]<\/p>\n","protected":false},"author":1,"featured_media":0,"parent":0,"menu_order":0,"comment_status":"closed","ping_status":"closed","template":"page-templates\/template-fullwidth.php","meta":{"_mc_calendar":[],"footnotes":""},"_links":{"self":[{"href":"https:\/\/ohanasalut.com\/index.php\/wp-json\/wp\/v2\/pages\/391"}],"collection":[{"href":"https:\/\/ohanasalut.com\/index.php\/wp-json\/wp\/v2\/pages"}],"about":[{"href":"https:\/\/ohanasalut.com\/index.php\/wp-json\/wp\/v2\/types\/page"}],"author":[{"embeddable":true,"href":"https:\/\/ohanasalut.com\/index.php\/wp-json\/wp\/v2\/users\/1"}],"replies":[{"embeddable":true,"href":"https:\/\/ohanasalut.com\/index.php\/wp-json\/wp\/v2\/comments?post=391"}],"version-history":[{"count":8,"href":"https:\/\/ohanasalut.com\/index.php\/wp-json\/wp\/v2\/pages\/391\/revisions"}],"predecessor-version":[{"id":1774,"href":"https:\/\/ohanasalut.com\/index.php\/wp-json\/wp\/v2\/pages\/391\/revisions\/1774"}],"wp:attachment":[{"href":"https:\/\/ohanasalut.com\/index.php\/wp-json\/wp\/v2\/media?parent=391"}],"curies":[{"name":"wp","href":"https:\/\/api.w.org\/{rel}","templated":true}]}}