{"id":387,"date":"2018-05-15T12:08:43","date_gmt":"2018-05-15T11:08:43","guid":{"rendered":"https:\/\/ohanasalut.com\/?page_id=387"},"modified":"2022-07-28T16:03:43","modified_gmt":"2022-07-28T16:03:43","slug":"politica-de-cookies","status":"publish","type":"page","link":"https:\/\/ohanasalut.com\/index.php\/politica-de-cookies\/","title":{"rendered":"Pol\u00edtica de Cookies"},"content":{"rendered":"\n<p>La nostra plataforma informa l\u2019Usuari que, a trav\u00e9s de les cookies que utilitzem no recollim ni captem dades personals dels nostres Usuaris. La finalitat de les cookies \u00e9s oferir-li una excel\u00b7lent experi\u00e8ncia de navegaci\u00f3 i millorar els nostres serveis en funci\u00f3 dels usos que li doni als nostres continguts publicats o als accessos que faci als diferents apartats de la nostra p\u00e0gina web.<\/p>\n\n\n\n<h2 class=\"wp-block-heading\">1. INFORMACI\u00d3 GENERAL<\/h2>\n\n\n\n<h3 class=\"wp-block-heading\">1.1. Qu\u00e8 s\u00f3n les Cookies<\/h3>\n\n\n\n<p>Les cookies (galetes) s\u00f3n petits arxius que emmagatzemen informaci\u00f3 als dispositius electr\u00f2nics dels Usuaris que utilitzen la nostra plataforma.<\/p>\n\n\n\n<p>Les cookies s\u2019associen amb el navegador d\u2019un ordinador o dispositiu determinat. Gr\u00e0cies a aquestes, resulta possible que OHANA reconegui els navegadors dels Usuaris despr\u00e9s de que aquests ja hagin navegat pel lloc web per primer cop. Tamb\u00e9 serveixen per a determinar les seves prefer\u00e8ncies de navegaci\u00f3 i, a partir d\u2019aix\u00f2, les avalua, podent utilitzar-les com a indicadors per millorar la nostra plataforma.<\/p>\n\n\n\n<h3 class=\"wp-block-heading\">1.2. Cookies que emprem a OHANA<\/h3>\n\n\n\n<p>En el quadre que apareix a continuaci\u00f3 s\u2019inclouen els detalls, finalitat, el tipus i les classes de cookies que hem implementat a la nostra plataforma. Per a la seva comprensi\u00f3, \u00e9s necessari que l\u2019Usuari conegui la definici\u00f3 de les cookies pr\u00f2pies i de tercers:<\/p>\n\n\n\n<p>Cookies de tercers: s\u00f3n gestionades per altres empreses i instal\u00b7lades des dels seus equips i\/o dominis a l\u2019equip terminal de l\u2019Usuari.<\/p>\n\n\n\n<p>Cookies pr\u00f2pies: s\u00f3n gestionades per la nostra entitat i instal\u00b7lades des dels nostres ordinadors a l\u2019equip terminal de l\u2019Usuari.<\/p>\n\n\n\n<h2 class=\"wp-block-heading\">2. Cookies utilitzades<\/h2>\n\n\n\n<h3 class=\"wp-block-heading\">2.1. Tipus de cookies que utilitzem<\/h3>\n\n\n\n<p>Utilitzem cookies de tipus funcional, es detallen a continuaci\u00f3: <\/p>\n\n\n\n<p><strong>cookieconsent_status<\/strong>: S&#8217;utilitza per saber si l&#8217;usuari accepta o no l&#8217;\u00fas de cookies en el seu navegador per aquest lloc web.<\/p>\n\n\n\n<h3 class=\"wp-block-heading\">2.2. Advert\u00e8ncia sobre l\u2019\u00fas de cookies i altres t\u00e8cniques d\u2019spamming<\/h3>\n\n\n\n<p>Com a Usuari queda informat de la pres\u00e8ncia de cookies en aquesta plataforma amb la finalitat de facilitar l\u2019\u00fas i navegaci\u00f3 per la mateixa. Ara b\u00e9, l\u2019Usuari t\u00e9 la possibilitat de configurar el seu navegador per ser avisat en pantalla de la recepci\u00f3 de cookies i per impedir la instal\u00b7laci\u00f3 d\u2019aquestes al seu disc dur.<\/p>\n\n\n\n<p>Si l\u2019Usuari t\u00e9 dubtes, al punt 4 d\u2019aquest document t\u00e9 m\u00e9s informaci\u00f3, per\u00f2 tamb\u00e9 pot consultar les instruccions i manuals del seu navegador per ampliar aquesta informaci\u00f3. <\/p>\n\n\n\n<p>Per utilitzar o navegar per la nostra p\u00e0gina web o utilitzar la plataforma no resulta necessari que permeti la instal\u00b7laci\u00f3 de cookies, sens perjudici que per a aix\u00f2, sigui necessari que s\u2019hagi de registrar cada cop que accedeixi a un servei que requereixi previ registre, si escau. Tamb\u00e9 pot succeir que l\u2019Usuari no pugui accedir a alguns dels serveis de la p\u00e0gina web. <\/p>\n\n\n\n<p>OHANA informa a l&#8217;Usuari que no utilitza t\u00e8cniques de \u201dspamming\u201d i que \u00fanicament tractar\u00e0 les dades,  que deriven de missatges de correu electr\u00f2nic o continguts facilitats a trav\u00e9s dels serveis de la plataforma web per a les finalitats expressades al nostre <a href=\"https:\/\/ohanasalut.com\/index.php\/avis-legal\/\">Av\u00eds Legal<\/a> i <a href=\"https:\/\/ohanasalut.com\/index.php\/proteccio-de-dades\/\">Pol\u00edtica de Privacitat<\/a>.<\/p>\n\n\n\n<h2 class=\"wp-block-heading\">3. L&#8217;acceptaci\u00f3 de les cookies a la nostra plataforma<\/h2>\n\n\n\n<p>La Llei 34\/2002, d\u201911 de juliol, de Societat de la Informaci\u00f3 i Comer\u00e7 Electr\u00f2nic, en relaci\u00f3 amb les cookies (en endavant, LSSICE), exigeix que els nostres Usuaris siguin informats amb car\u00e0cter previ a l\u2019experi\u00e8ncia de navegaci\u00f3 a la plataforma sobre l\u2019\u00fas, tipus i finalitat de les cookies. Aquesta es la ra\u00f3 per la qual hem implementat un av\u00eds informatiu que es desplega un cop l\u2019Usuari accedeix a la nostra plataforma, informant-li de manera pr\u00e8via i complint amb aquest precepte legal. <\/p>\n\n\n\n<p>\u00c9s important que l\u2019Usuari tingui en compte que en aquest av\u00eds trobar\u00e0 dues opcions: la primera, que li permetr\u00e0 accedir a aquest text informatiu i la segona, que podr\u00e0 utilizar per acceptar la instal\u00b7laci\u00f3 de les cookies al seu equip terminal. <\/p>\n\n\n\n<p>En qualitat d\u2019 Usuari, si omet la informaci\u00f3 sobre l\u2019\u00fas de les cookies i continuq navegant a la nostra plataforma, entendrem que existeix un consentiment t\u00e0cit de la seva part per poder aplicar i utilitzar les cookies descrites en l\u2019apartat anterior i, amb aix\u00f2, donarem compliment al que exigeix la LSSICE.<\/p>\n\n\n\n<h2 class=\"wp-block-heading\">4. Com pot desinstal\u00b7lar les cookies del seu ordinador?<\/h2>\n\n\n\n<p>Si desitja desinstal\u00b7lar les cookies des del seu ordinador, l\u2019indiquem alguns links que podr\u00e0 consultar en funci\u00f3 del tipus de navegador que tingui instal\u00b7lat al seu equip terminal. <\/p>\n\n\n\n<p>A Google Chrome: <\/p>\n\n\n\n<p><a href=\"https:\/\/support.google.com\/chrome\/answer\/95647?hl=es\">https:\/\/support.google.com\/chrome\/answer\/95647?hl=es<\/a><\/p>\n\n\n\n<p>A Safari: <\/p>\n\n\n\n<p><a href=\"https:\/\/support.apple.com\/kb\/ph5042\">https:\/\/support.apple.com\/kb\/ph5042<\/a><\/p>\n\n\n\n<p>A Mozilla Firefox:<\/p>\n\n\n\n<p><a href=\"https:\/\/support.mozilla.org\/en-US\/kb\/disable-third-party-cookies\">https:\/\/support.mozilla.org\/en-US\/kb\/disable-third-party-cookies<\/a><\/p>\n\n\n\n<p>A Internet Explorer:<\/p>\n\n\n\n<p><a href=\"http:\/\/windows.microsoft.com\/en-US\/windows-vista\/block-or-allow-cookies\">http:\/\/windows.microsoft.com\/en-US\/windows-vista\/block-or-allow-cookies<\/a><\/p>\n\n\n\n<p>A Opera:<\/p>\n\n\n\n<p><a href=\"http:\/\/www.opera.com\/help\/tutorials\/security\/privacy\/\">http:\/\/www.opera.com\/help\/tutorials\/security\/privacy\/<\/a><\/p>\n\n\n\n<p>Li advertim que, realitzar el proc\u00e9s de desinstal\u00b7laci\u00f3 de cookies des del seu navegador pot dificultar-li o impedir-li l\u2019acc\u00e9s o navegaci\u00f3 a determinades parts de la nostra p\u00e0gina web.<\/p>\n\n\n\n<h2 class=\"wp-block-heading\">5. Sobre les cookies de les xarxes socials<\/h2>\n\n\n\n<p>Finalment, li volem advertir que la nostra plataforma no administra les xarxes socials o plataformes de tercers com Facebook i Instagram, on tenim pres\u00e8ncia, por la qual cosa tampoc som responsables de les cookies que instal\u00b7lin aquestes plataformes. <\/p>\n\n\n\n<p>En qualitat d&#8217;Usuari de la nostra plataforma en l\u00ednia est\u00e0 obligat a consultar les pol\u00edtiques de privacitat i de cookies de les xarxes socials per a con\u00e8ixer els tipus i les finalitats, i decidir si acceptar o rebutjar.<\/p>\n\n\n\n<p>Cookies utilitzades per Facebook: <a href=\"https:\/\/www.facebook.com\/help\/cookies\/\">https:\/\/www.facebook.com\/help\/cookies\/<\/a><\/p>\n\n\n\n<p>Cookies utilitzades per Instagram: <a href=\"https:\/\/help.instagram.com\/1896641480634370?ref=ig\">https:\/\/help.instagram.com\/1896641480634370?ref=ig<\/a><\/p>\n\n\n\n<h2 class=\"wp-block-heading\">6. Drets dels usuaris i informaci\u00f3 adicional<\/h2>\n\n\n\n<p>Pot obtenir m\u00e9s informaci\u00f3 sobre el tractament de les seves dades realitzat per OHANA, aix\u00ed com sobre la manera d&#8217;exercitar els seus drets a la nostra <a href=\"https:\/\/ohanasalut.com\/index.php\/proteccio-de-dades\/\">Pol\u00edtica de Privacitat<\/a>, o a l&#8217;<a href=\"https:\/\/ohanasalut.com\/index.php\/avis-legal\/\">Av\u00eds Legal<\/a>.<\/p>\n\n\n\n<p>Tamb\u00e9, pot contactar amb OHANA a l&#8217;email: <strong>info@ohanasalut.com<\/strong><\/p>\n","protected":false},"excerpt":{"rendered":"<p>La nostra plataforma informa l\u2019Usuari que, a trav\u00e9s de les cookies que utilitzem no recollim ni captem dades personals dels nostres Usuaris. La finalitat de les cookies \u00e9s oferir-li una excel\u00b7lent experi\u00e8ncia de navegaci\u00f3 i millorar els nostres serveis en funci\u00f3 dels usos que li doni als nostres continguts publicats [&hellip;]<\/p>\n","protected":false},"author":1,"featured_media":0,"parent":0,"menu_order":0,"comment_status":"closed","ping_status":"closed","template":"page-templates\/template-fullwidth.php","meta":{"_mc_calendar":[],"footnotes":""},"_links":{"self":[{"href":"https:\/\/ohanasalut.com\/index.php\/wp-json\/wp\/v2\/pages\/387"}],"collection":[{"href":"https:\/\/ohanasalut.com\/index.php\/wp-json\/wp\/v2\/pages"}],"about":[{"href":"https:\/\/ohanasalut.com\/index.php\/wp-json\/wp\/v2\/types\/page"}],"author":[{"embeddable":true,"href":"https:\/\/ohanasalut.com\/index.php\/wp-json\/wp\/v2\/users\/1"}],"replies":[{"embeddable":true,"href":"https:\/\/ohanasalut.com\/index.php\/wp-json\/wp\/v2\/comments?post=387"}],"version-history":[{"count":4,"href":"https:\/\/ohanasalut.com\/index.php\/wp-json\/wp\/v2\/pages\/387\/revisions"}],"predecessor-version":[{"id":1878,"href":"https:\/\/ohanasalut.com\/index.php\/wp-json\/wp\/v2\/pages\/387\/revisions\/1878"}],"wp:attachment":[{"href":"https:\/\/ohanasalut.com\/index.php\/wp-json\/wp\/v2\/media?parent=387"}],"curies":[{"name":"wp","href":"https:\/\/api.w.org\/{rel}","templated":true}]}}