{"id":2327,"date":"2025-04-15T12:28:28","date_gmt":"2025-04-15T12:28:28","guid":{"rendered":"https:\/\/ohanasalut.com\/?page_id=2327"},"modified":"2025-05-02T10:55:53","modified_gmt":"2025-05-02T10:55:53","slug":"marc-torres","status":"publish","type":"page","link":"https:\/\/ohanasalut.com\/index.php\/sobre-nosaltres\/marc-torres\/","title":{"rendered":"Marc Torres"},"content":{"rendered":"\n\n\t<h3>Oste\u00f2pata,\u00a0 Infermer i Fisioterapeuta<\/h3>\nBones! Em presento, em dic Marc!<br \/>\nM&#8217;agrada entendre el cos com si fos una orquestra, on cada element t\u00e9 un paper important per a que la simfonia soni b\u00e9. Quan una de les parts integrants no est\u00e0 a to, si el director d&#8217;orquestra est\u00e0 atent no hi ha cap problema, per\u00f2 si falla, comencen a apar\u00e8ixer alteracions dins de la melodia. La resta d&#8217;integrants es van posant nerviosos i, al final, tot col\u00b7lapsa.\nAquesta met\u00e0fora em serveix per explicar que el cos t\u00e9 una capacitat innata d&#8217;autoregular-se i autoregenerar-se, i quan apareixen dol\u00e8ncies \u00e9s perqu\u00e8 est\u00e0 perdent aquesta capacitat.<br \/>\nAix\u00ed doncs, el m\u00e8tode amb el que treballo es basa en restablir l&#8217;equilibri del cos mitjan\u00e7ant l&#8217;alliberaci\u00f3 dels diferents bloquejos que presenta el cos dins de la seva globalitat (emocional, social, estructural i espiritual) d&#8217;una manera completament individualitzada a cada cos i moment. Aix\u00ed doncs, a trav\u00e9s del respecte als teixits i a la persona podrem anar desengranant el focus principal de les dol\u00e8ncies que es presenten i ajudar al cos a recuperar el cam\u00ed cap a l&#8217;harmonia de la salut.\n<h3><strong>Traject\u00f2ria<\/strong><\/h3>\nVaig comen\u00e7ar la meva traject\u00f2ria professional estudiant infermeria i exercint-la en entorns psiqui\u00e0trics i geri\u00e0trics majorit\u00e0riament. A continuaci\u00f3, vaig estudiar el grau en fisioter\u00e0pia especialitzant-me en trastorns de l&#8217;aparell locomotor i tamb\u00e9 em vaig anar formant en el<br \/>\ntractament respiratori i de vertigen.<br \/>\nTot i aix\u00ed, sentia que encara no havia trobat all\u00f2 que em movia per dintre, fins que vaig trobar l&#8217;osteopatia, formant-me a l&#8217;Escola de Concepto Osteopatico de Barcelona.\n<p>Actualment,m&#8217;agrada treballar com a oste\u00f2pata i \u00e9s el que m\u00e9s em mou. No obstant, m&#8217;agrada imaginar que tota la meva traject\u00f2ria s&#8217;integra en els tractaments que ofereixo i que perfecciono dia a dia.<\/p>\n<h3>Formaci\u00f3:<\/h3>\n<ul>\n<li>Grau d&#8217;infermeria a la E.U. Gimbernat: menci\u00f3 en innovaci\u00f3, infermeria internacional i diversitat<\/li>\n<li>Grau fisioter\u00e0pia a la E.U. Gimbernat: menci\u00f3 en aparell locomotor<\/li>\n<li>Osteopatia a la Escuela del Concepto Osteopatico (ECO)<\/li>\n<li>M\u00e0ster en formaci\u00f3 del professorat per la UB<\/li>\n<li>Curs de fisioter\u00e0pia respirat\u00f2ria en pacient amb COVID.<\/li>\n<li>Curs de valoraci\u00f3 i tractament del pacient vertigin\u00f3s i inestable en fisioter\u00e0pia.<\/li>\n<\/ul>\n\t\t\t\t<img loading=\"lazy\" decoding=\"async\" src=\"https:\/\/ohanasalut.com\/wp-content\/uploads\/2025\/04\/imatge-perfil-ohana.jpg\" alt=\"imatge perfil ohana\" itemprop=\"image\" height=\"1600\" width=\"1066\" title=\"imatge perfil ohana\" onerror=\"this.style.display='none'\"  \/>\n\t<blockquote>&#8220;El cos hum\u00e0 \u00e9s un microcosmos capa\u00e7 d&#8217;autoregenerar-se\u00a0si li donem les condicions adequades&#8221;<br \/>\nA. T. Still<\/blockquote>\n<p><strong>N\u00famero de col\u00b7legiat: 16404<\/strong><\/p>\n<p>&nbsp;<\/p>\n\n","protected":false},"excerpt":{"rendered":"<p>Psicoterapeuta d&#8217;Ohana Salut <\/p>\n","protected":false},"author":2,"featured_media":2047,"parent":43,"menu_order":0,"comment_status":"closed","ping_status":"closed","template":"page-templates\/template-fullwidth.php","meta":{"_mc_calendar":[],"footnotes":""},"_links":{"self":[{"href":"https:\/\/ohanasalut.com\/index.php\/wp-json\/wp\/v2\/pages\/2327"}],"collection":[{"href":"https:\/\/ohanasalut.com\/index.php\/wp-json\/wp\/v2\/pages"}],"about":[{"href":"https:\/\/ohanasalut.com\/index.php\/wp-json\/wp\/v2\/types\/page"}],"author":[{"embeddable":true,"href":"https:\/\/ohanasalut.com\/index.php\/wp-json\/wp\/v2\/users\/2"}],"replies":[{"embeddable":true,"href":"https:\/\/ohanasalut.com\/index.php\/wp-json\/wp\/v2\/comments?post=2327"}],"version-history":[{"count":5,"href":"https:\/\/ohanasalut.com\/index.php\/wp-json\/wp\/v2\/pages\/2327\/revisions"}],"predecessor-version":[{"id":2379,"href":"https:\/\/ohanasalut.com\/index.php\/wp-json\/wp\/v2\/pages\/2327\/revisions\/2379"}],"up":[{"embeddable":true,"href":"https:\/\/ohanasalut.com\/index.php\/wp-json\/wp\/v2\/pages\/43"}],"wp:featuredmedia":[{"embeddable":true,"href":"https:\/\/ohanasalut.com\/index.php\/wp-json\/wp\/v2\/media\/2047"}],"wp:attachment":[{"href":"https:\/\/ohanasalut.com\/index.php\/wp-json\/wp\/v2\/media?parent=2327"}],"curies":[{"name":"wp","href":"https:\/\/api.w.org\/{rel}","templated":true}]}}