{"id":2321,"date":"2025-04-15T12:09:53","date_gmt":"2025-04-15T12:09:53","guid":{"rendered":"https:\/\/ohanasalut.com\/?page_id=2321"},"modified":"2025-04-15T14:58:44","modified_gmt":"2025-04-15T14:58:44","slug":"anna-bordas","status":"publish","type":"page","link":"https:\/\/ohanasalut.com\/index.php\/sobre-nosaltres\/anna-bordas\/","title":{"rendered":"Anna Bordas"},"content":{"rendered":"\n\n\t<h3><strong>Infermera Integrativa.<\/strong><\/h3>\n<strong>Hola, s\u00f3c l&#8217;Anna.<\/strong>\u00a0\nEl meu inter\u00e8s per la salut sorgeix de ben petita quan les paraules &#8220;ajudar i curar&#8221; ja ressonaven dins meu. He treballat com a infermera assistencial durant 14 anys i \u00e9s en aquest desenvolupament professional on neix la necessitat d&#8217;estudiar una medicina m\u00e9s hol\u00edstica a tots els nivells. <strong>\u00c9s per aix\u00f2 que em vaig formar en Medicina energ\u00e8tica i Acupuntura.<\/strong> Aquests estudis em van permetre mirar l&#8217;\u00e9sser hum\u00e0 amb uns altres ulls, com un tot, i entendre que l&#8217;equilibri energ\u00e8tic condueix a les persones a un estat de salut i benestar f\u00edsic, mental, social i emocional.\nEm vaig especialitzar en <strong>Medicina Xinesa Cl\u00e0ssica<\/strong> per aprofundir en com les nostres emocions, pensaments i h\u00e0bits de vida poden afectar la nostra salut. Aqu\u00ed vaig descobrir que alguns meridians s&#8217;originen nom\u00e9s de n\u00e9ixer, d&#8217;altres es van consolidant al llarg de la nostra vida i que quan es desequilibren \u00e9s perqu\u00e8 el nostre cos ens vol dir alguna cosa i cal parar atenci\u00f3. La meva finalitat \u00e9s reequilibrar-los, millorant els signes i s\u00edmptomes que han aparegut. Per fer-ho,<strong> la meva eina b\u00e0sica de treball \u00e9s el pols xin\u00e8s,<\/strong> el qual em mostra qu\u00e8 \u00e9s el que necessita cada persona a cada sessi\u00f3 i en cada proc\u00e9s. Per mi ser\u00e0 un plaer poder compartir part del trajecte en aquest cam\u00ed que \u00e9s la vida.\n<strong>Formaci\u00f3:<\/strong>\n<ul>\n<li>\nDiplomada en Infermeria (EUI Girona).\n<\/li>\n<li>\nM\u00e0ster en Valoraci\u00f3 energ\u00e8tica i acupuntura (EUI Sant Joan de D\u00e9u).\n<\/li>\n<\/ul>\n<ul>\n<li>\nAcupuntura Cl\u00e0ssica (Academy of Classical Chinese Medicine-Jeffrey Yuen. Yao Shan Chinese Medicine-Evan Rabinowitz. Advanced Acupuncture-Ann Cecil Sterman).\n<\/li>\n<li>\nTui Na &#8211; Chinese therapeutic massage (Tim Sullivan).\n<\/li>\n<\/ul>\n\t\t\t\t<img loading=\"lazy\" decoding=\"async\" src=\"https:\/\/ohanasalut.com\/wp-content\/uploads\/2025\/04\/DSC00184-scaled.jpg\" alt=\"DSC00184\" itemprop=\"image\" height=\"2560\" width=\"1707\" title=\"DSC00184\" onerror=\"this.style.display='none'\"  \/>\n\t<em>&#8220;Tria una feina que estimis i aix\u00ed no haur\u00e0s de treballar cap dia de la teva vida&#8221; <\/em>Confuci.\n<p>&nbsp;<\/p>\n<p><strong>N\u00famero de col\u00b7legiada: <\/strong><b>5463<\/b><\/p>\n\n","protected":false},"excerpt":{"rendered":"<p>Psicoterapeuta d&#8217;Ohana Salut <\/p>\n","protected":false},"author":2,"featured_media":2251,"parent":43,"menu_order":0,"comment_status":"closed","ping_status":"closed","template":"page-templates\/template-fullwidth.php","meta":{"_mc_calendar":[],"footnotes":""},"_links":{"self":[{"href":"https:\/\/ohanasalut.com\/index.php\/wp-json\/wp\/v2\/pages\/2321"}],"collection":[{"href":"https:\/\/ohanasalut.com\/index.php\/wp-json\/wp\/v2\/pages"}],"about":[{"href":"https:\/\/ohanasalut.com\/index.php\/wp-json\/wp\/v2\/types\/page"}],"author":[{"embeddable":true,"href":"https:\/\/ohanasalut.com\/index.php\/wp-json\/wp\/v2\/users\/2"}],"replies":[{"embeddable":true,"href":"https:\/\/ohanasalut.com\/index.php\/wp-json\/wp\/v2\/comments?post=2321"}],"version-history":[{"count":4,"href":"https:\/\/ohanasalut.com\/index.php\/wp-json\/wp\/v2\/pages\/2321\/revisions"}],"predecessor-version":[{"id":2340,"href":"https:\/\/ohanasalut.com\/index.php\/wp-json\/wp\/v2\/pages\/2321\/revisions\/2340"}],"up":[{"embeddable":true,"href":"https:\/\/ohanasalut.com\/index.php\/wp-json\/wp\/v2\/pages\/43"}],"wp:featuredmedia":[{"embeddable":true,"href":"https:\/\/ohanasalut.com\/index.php\/wp-json\/wp\/v2\/media\/2251"}],"wp:attachment":[{"href":"https:\/\/ohanasalut.com\/index.php\/wp-json\/wp\/v2\/media?parent=2321"}],"curies":[{"name":"wp","href":"https:\/\/api.w.org\/{rel}","templated":true}]}}