{"id":2119,"date":"2023-06-08T10:01:15","date_gmt":"2023-06-08T10:01:15","guid":{"rendered":"https:\/\/ohanasalut.com\/?page_id=2119"},"modified":"2025-10-02T21:16:52","modified_gmt":"2025-10-02T21:16:52","slug":"psiconeuroimmunologia-clinica","status":"publish","type":"page","link":"https:\/\/ohanasalut.com\/index.php\/psiconeuroimmunologia-clinica\/","title":{"rendered":"Psiconeuroimmunologia Cl\u00ednica"},"content":{"rendered":"\n\n\t<h6>La Psiconeuroimmunologia \u00e9s una disciplina fascinant i innovadora que explora les connexions entre la ment, el cervell i el sistema immunitari. B\u00e0sicament, estudia com les nostres emocions, pensaments i estat d&#8217;\u00e0nim poden influir en la nostra salut i com el funcionament del sistema nervi\u00f3s i el sistema immunitari pot afectar la nostra ment i cos.<\/h6>\n<h3>En qu\u00e8 consisteix aquest servei?<\/h3>\n<p>A partir d&#8217;un enfocament hol\u00edstic, es realitza una <strong>avaluaci\u00f3 exhaustiva<\/strong> per identificar els factors que poden contribuir als s\u00edmptomes que es manifesten. A partir de comprendre aix\u00f2 es realitza un <strong>pla terap\u00e8utic personalitzat<\/strong> que combina intervencions neurol\u00f2giques, estrat\u00e8gies per refor\u00e7ar el sistema immunitari i la reorganitzaci\u00f3 dels h\u00e0bits de vida com per exemple l&#8217;alimentaci\u00f3, l&#8217;exercici f\u00edsic o la qualitat del son.<\/p>\n<h3>A qui va dirigit?<\/h3>\n<p>A persones que busquen millorar la seva salut f\u00edsica i mental.  \u00c9s especialment benefici\u00f3s per a aquells que pateixen trastorns com estr\u00e8s cr\u00f2nic, ansietat, els trastorns del son, dolor cr\u00f2nic i problemes relacionats amb el sistema digestiu, immunol\u00f2gic i nervi\u00f3s. Tamb\u00e9 \u00e9s adequat per a aquells que desitgen comprendre millor la connexi\u00f3 entre les seves emocions i la seva salut. \u00c9s ideal per aprendre estrat\u00e8gies per a promoure el seu benestar hol\u00edstic.<\/p>\n<p>El servei est\u00e0 obert a persones de totes les edats i \u00e9s proporcionat per professionals qualificats en Psiconeuroimmunologia Cl\u00ednica que treballen de manera personalitzada amb cada pacient.<\/p>\n<p>Endinsar-te en aquest servei \u00e9s un viatge cap a un benestar \u00f2ptim.<\/p>\n<p><strong><em>Vols que treballarem junts per restablir l&#8217;equilibri i millorar la teva qualitat de vida?<\/em><\/strong><\/p>\n<p>&nbsp;<\/p>\n\n","protected":false},"excerpt":{"rendered":"<p>La Psiconeuroimmunologia \u00e9s una disciplina fascinant i innovadora que explora les connexions entre la ment, el cervell i el sistema immunitari. B\u00e0sicament, estudia com les nostres emocions, pensaments i estat d&#8217;\u00e0nim poden influir en la nostra salut i com el funcionament del sistema nervi\u00f3s i el sistema immunitari pot afectar [&hellip;]<\/p>\n","protected":false},"author":2,"featured_media":2403,"parent":0,"menu_order":0,"comment_status":"closed","ping_status":"closed","template":"","meta":{"_mc_calendar":[],"footnotes":""},"_links":{"self":[{"href":"https:\/\/ohanasalut.com\/index.php\/wp-json\/wp\/v2\/pages\/2119"}],"collection":[{"href":"https:\/\/ohanasalut.com\/index.php\/wp-json\/wp\/v2\/pages"}],"about":[{"href":"https:\/\/ohanasalut.com\/index.php\/wp-json\/wp\/v2\/types\/page"}],"author":[{"embeddable":true,"href":"https:\/\/ohanasalut.com\/index.php\/wp-json\/wp\/v2\/users\/2"}],"replies":[{"embeddable":true,"href":"https:\/\/ohanasalut.com\/index.php\/wp-json\/wp\/v2\/comments?post=2119"}],"version-history":[{"count":8,"href":"https:\/\/ohanasalut.com\/index.php\/wp-json\/wp\/v2\/pages\/2119\/revisions"}],"predecessor-version":[{"id":2402,"href":"https:\/\/ohanasalut.com\/index.php\/wp-json\/wp\/v2\/pages\/2119\/revisions\/2402"}],"wp:featuredmedia":[{"embeddable":true,"href":"https:\/\/ohanasalut.com\/index.php\/wp-json\/wp\/v2\/media\/2403"}],"wp:attachment":[{"href":"https:\/\/ohanasalut.com\/index.php\/wp-json\/wp\/v2\/media?parent=2119"}],"curies":[{"name":"wp","href":"https:\/\/api.w.org\/{rel}","templated":true}]}}