{"id":2089,"date":"2023-05-23T08:48:44","date_gmt":"2023-05-23T08:48:44","guid":{"rendered":"https:\/\/ohanasalut.com\/?page_id=2089"},"modified":"2023-06-13T16:46:25","modified_gmt":"2023-06-13T16:46:25","slug":"gerard-casas","status":"publish","type":"page","link":"https:\/\/ohanasalut.com\/index.php\/sobre-nosaltres\/gerard-casas\/","title":{"rendered":"Gerard Casas"},"content":{"rendered":"\n\n<p>&nbsp;<\/p>\n<h3>Em dic Gerard, s\u00f3c giron\u00ed i metge de vocaci\u00f3.<\/h3>\nEm fascina tot lo relacionat amb el cos hum\u00e0 i la naturalesa humana.<br \/>\nI \u00e9s que quan parlem de medicina no contemplo altra cosa que parlar d&#8217;un tot, integrant el cos, la ment, les emocions i l&#8217;\u00e0mbit familiar i socio-cultural de la persona per entendre&#8217;l en la seva totalitat. \u00c9s per aix\u00f2 que la meva formaci\u00f3 al llarg de tots aquests anys no s&#8217;ha subespecialitzat en cap \u00e0rea concreta, sin\u00f3 que he buscat la globalitat de la persona i poder treballar en totes les esferes.\n<h4>Quina formaci\u00f3 tinc?<\/h4>\n<ul>\n<li>Grau en Medicina (Universitat de Girona)<\/li>\n<li>Especialista en medicina familiar i comunit\u00e0ria (Hospital Trueta i ABS Sarri\u00e0 de Ter)<\/li>\n<li>Diplomat en Fisioter\u00e0pia (Escola Euses Girona)<\/li>\n<li>Formaci\u00f3 en massatge Ayurveda (Escola Internacional de la Cultura Ayurveda de Barcelona)<\/li>\n<li>M\u00e8tode terap\u00e8utic El Codi Biol\u00f2gic (biodescodificaci\u00f3)<\/li>\n<li>Serveis preventius ambul\u00e0ncia (CTSC Girona)<\/li>\n<li>Geriatria com a metge en resid\u00e8ncia de gent gran<\/li>\n<li>Doc\u00e8ncia sanit\u00e0ria a nivell poblacional<\/li>\n<li>Primers auxilis anualment<\/li>\n<\/ul>\n<p>Les persones som biologia, i entendre el seu codi es converteix en una eina imprescindible i et permet poder tractar els s\u00edmptomes i malalties d&#8217;una manera m\u00e9s \u00e0mplia i profunda, arribant a l&#8217;arrel de quan i com es va crear.<\/p>\n<p>I com a part a destacar, considero molt important la dedicaci\u00f3 a la doc\u00e8ncia sanit\u00e0ria a nivell poblacional ja que quan entens el que et passa, saps com prevenir-lo i treballar-lo.<\/p>\n<p>&nbsp;<\/p>\n\t\t\t\t<img loading=\"lazy\" decoding=\"async\" src=\"https:\/\/ohanasalut.com\/wp-content\/uploads\/2023\/06\/WhatsApp-Image-2023-06-13-at-10.22.40.jpeg\" alt=\"WhatsApp Image 2023-06-13 at 10.22.40\" itemprop=\"image\" height=\"1600\" width=\"1200\" title=\"WhatsApp Image 2023-06-13 at 10.22.40\" onerror=\"this.style.display='none'\"  \/>\n\t<p><strong>Metge especialista en Medicina Familiar i Comunit\u00e0ria. Fisioterapeuta.<\/strong><\/p>\n<p>n\u00ba col\u00b7legiat: 171706536<\/p>\n<p>&nbsp;<\/p>\n<blockquote><p>&#8220;No creguis res del que escoltis i nom\u00e9s la meitat del que vegis&#8221;.<\/p>\n<p>Nom\u00e9s experimenta-ho!<\/p><\/blockquote>\n<p>&nbsp;<\/p>\n\n","protected":false},"excerpt":{"rendered":"<p>&nbsp; Em dic Gerard, s\u00f3c giron\u00ed i metge de vocaci\u00f3. Em fascina tot lo relacionat amb el cos hum\u00e0 i la naturalesa humana. I \u00e9s que quan parlem de medicina no contemplo altra cosa que parlar d&#8217;un tot, integrant el cos, la ment, les emocions i l&#8217;\u00e0mbit familiar i socio-cultural [&hellip;]<\/p>\n","protected":false},"author":2,"featured_media":2078,"parent":43,"menu_order":0,"comment_status":"closed","ping_status":"closed","template":"","meta":{"_mc_calendar":[],"footnotes":""},"_links":{"self":[{"href":"https:\/\/ohanasalut.com\/index.php\/wp-json\/wp\/v2\/pages\/2089"}],"collection":[{"href":"https:\/\/ohanasalut.com\/index.php\/wp-json\/wp\/v2\/pages"}],"about":[{"href":"https:\/\/ohanasalut.com\/index.php\/wp-json\/wp\/v2\/types\/page"}],"author":[{"embeddable":true,"href":"https:\/\/ohanasalut.com\/index.php\/wp-json\/wp\/v2\/users\/2"}],"replies":[{"embeddable":true,"href":"https:\/\/ohanasalut.com\/index.php\/wp-json\/wp\/v2\/comments?post=2089"}],"version-history":[{"count":6,"href":"https:\/\/ohanasalut.com\/index.php\/wp-json\/wp\/v2\/pages\/2089\/revisions"}],"predecessor-version":[{"id":2137,"href":"https:\/\/ohanasalut.com\/index.php\/wp-json\/wp\/v2\/pages\/2089\/revisions\/2137"}],"up":[{"embeddable":true,"href":"https:\/\/ohanasalut.com\/index.php\/wp-json\/wp\/v2\/pages\/43"}],"wp:featuredmedia":[{"embeddable":true,"href":"https:\/\/ohanasalut.com\/index.php\/wp-json\/wp\/v2\/media\/2078"}],"wp:attachment":[{"href":"https:\/\/ohanasalut.com\/index.php\/wp-json\/wp\/v2\/media?parent=2089"}],"curies":[{"name":"wp","href":"https:\/\/api.w.org\/{rel}","templated":true}]}}