{"id":2074,"date":"2023-05-23T08:39:13","date_gmt":"2023-05-23T08:39:13","guid":{"rendered":"https:\/\/ohanasalut.com\/?page_id=2074"},"modified":"2024-09-02T14:39:22","modified_gmt":"2024-09-02T14:39:22","slug":"medicina-integrativa","status":"publish","type":"page","link":"https:\/\/ohanasalut.com\/index.php\/serveis\/medicina-integrativa\/","title":{"rendered":"Medicina Integrativa"},"content":{"rendered":"\n<h3>En qu\u00e8 consisteix aquest servei?<\/h3>\n\u00c9s la combinaci\u00f3 de la medicina cient\u00edfica convencional que tots coneixem amb una medicina natural alternativa i ter\u00e0pies de suport.<br>\nA la persona l&#8217;hem de veure i tractar en la seva totalitat, tant a nivell fisiol\u00f2gic, com psicol\u00f2gic, emocional, nutricional i social.\nUn s\u00edmptoma \u00e9s la forma que t\u00e9 el cos d&#8217;expressar-te una descompensaci\u00f3. Cal interpretar aquest s\u00edmptoma i tractar-lo des de l&#8217;arrel, ja que \u00e9s l&#8217;\u00fanica manera de curar-lo evitant la seva cronicitat.<br>\nI \u00e9s que la malaltia no t\u00e9 nom\u00e9s un origen f\u00edsic, sin\u00f3 que cal tenir en compte molts aspectes en conjunt com la dieta, hidrataci\u00f3, respiraci\u00f3, activitat f\u00edsica, el ritme de vida, h\u00e0bit deposicional, la gesti\u00f3 de les emocions, entre d&#8217;altres.\n<p>&nbsp;<\/p>\n<h3>En qu\u00e8 et podem ajudar?<\/h3>\n<ul>\n<li>&nbsp;Valorem les patologies a tractar.<\/li>\n<li>Expliquem de manera entenedora quina \u00e9s la causa i el funcionament de la malaltia. La informaci\u00f3 \u00e9s poder!<\/li>\n<li>Estudiem les proves complement\u00e0ries que tens fins al moment i les que podrien ser \u00fatils d&#8217;estudi.<\/li>\n<li>Revisem i ajustem medicaci\u00f3 habitual i ocasional.<\/li>\n<li>Complementem l&#8217;estudi dels s\u00edmptomes, valorant quin \u00e9s l&#8217;impacte que tenen diferents aspectes dins una visi\u00f3 global personal, social, laboral i familiar.<\/li>\n<li>Parlem de quines ter\u00e0pies alternatives poden ser \u00fatils en el transcurs dels teus s\u00edmptomes o malalties<\/li>\n<\/ul>\n<blockquote>Ordena la teva vida, prioritza&#8217;t, canvia els h\u00e0bits de vida, modifica la mentalitat vibrant en positiu i comen\u00e7a a viure!<br>\nEs tracta d&#8217;empoderar-se un mateix.<\/blockquote>\n<p><strong>Treballarem junts perqu\u00e8 tot aix\u00f2 pugui passar. Per\u00f2 recorda que nom\u00e9s tu tens la clau de l&#8217;\u00e8xit.<\/strong><\/p>\n<p><strong>Treball, const\u00e0ncia i voluntat.<\/strong><\/p>\n","protected":false},"excerpt":{"rendered":"<p>En qu\u00e8 consisteix aquest servei? \u00c9s la combinaci\u00f3 de la medicina cient\u00edfica convencional que tots coneixem amb una medicina natural alternativa i ter\u00e0pies de suport. A la persona l&#8217;hem de veure i tractar en la seva totalitat, tant a nivell fisiol\u00f2gic, com psicol\u00f2gic, emocional, nutricional i social. Un s\u00edmptoma \u00e9s [&hellip;]<\/p>\n","protected":false},"author":2,"featured_media":2253,"parent":45,"menu_order":0,"comment_status":"closed","ping_status":"closed","template":"","meta":{"_mc_calendar":[],"footnotes":""},"_links":{"self":[{"href":"https:\/\/ohanasalut.com\/index.php\/wp-json\/wp\/v2\/pages\/2074"}],"collection":[{"href":"https:\/\/ohanasalut.com\/index.php\/wp-json\/wp\/v2\/pages"}],"about":[{"href":"https:\/\/ohanasalut.com\/index.php\/wp-json\/wp\/v2\/types\/page"}],"author":[{"embeddable":true,"href":"https:\/\/ohanasalut.com\/index.php\/wp-json\/wp\/v2\/users\/2"}],"replies":[{"embeddable":true,"href":"https:\/\/ohanasalut.com\/index.php\/wp-json\/wp\/v2\/comments?post=2074"}],"version-history":[{"count":9,"href":"https:\/\/ohanasalut.com\/index.php\/wp-json\/wp\/v2\/pages\/2074\/revisions"}],"predecessor-version":[{"id":2098,"href":"https:\/\/ohanasalut.com\/index.php\/wp-json\/wp\/v2\/pages\/2074\/revisions\/2098"}],"up":[{"embeddable":true,"href":"https:\/\/ohanasalut.com\/index.php\/wp-json\/wp\/v2\/pages\/45"}],"wp:featuredmedia":[{"embeddable":true,"href":"https:\/\/ohanasalut.com\/index.php\/wp-json\/wp\/v2\/media\/2253"}],"wp:attachment":[{"href":"https:\/\/ohanasalut.com\/index.php\/wp-json\/wp\/v2\/media?parent=2074"}],"curies":[{"name":"wp","href":"https:\/\/api.w.org\/{rel}","templated":true}]}}