{"id":1677,"date":"2022-05-09T10:29:10","date_gmt":"2022-05-09T10:29:10","guid":{"rendered":"https:\/\/ohanasalut.com\/?page_id=1677"},"modified":"2025-04-15T13:02:10","modified_gmt":"2025-04-15T13:02:10","slug":"acupuntura-classica","status":"publish","type":"page","link":"https:\/\/ohanasalut.com\/index.php\/serveis\/acupuntura-classica\/","title":{"rendered":"Infermeria i Acupuntura Cl\u00e0ssica"},"content":{"rendered":"\n\n\t<h4>En qu\u00e8 consisteix aquest servei?<\/h4>\n<p>L&#8217;acupuntura cl\u00e0ssica \u00e9s una pr\u00e0ctica independent, integral i sofisticada que utilitza els 68 canals d&#8217;acupuntura per on flueix el nostre Qi (energia).<\/p>\n<p> Es diferencia de la moderna la qual nom\u00e9s es centra en 12 canals. S&#8217;allunya de s\u00edndromes espec\u00edfics i el pols xin\u00e8s \u00e9s un dels principals m\u00e8todes de diagn\u00f2stic. Per aix\u00f2 cada tractament \u00e9s espec\u00edfic per a cada persona encara que comparteixin els mateixos s\u00edmptomes. <\/p>\n<p>Quan el fluxe d&#8217;aquests canals s&#8217;interromp, es trenca l&#8217;harmonia del nostre cos i apareixen signes i\/o s\u00edmptomes. Amb l&#8217;acupuntura cl\u00e0ssica restaurem aquest fluxe i busquem l&#8217;equilibri f\u00edsic, mental i emocional del nostre cos. <\/p>\n\t\t\t\t<img loading=\"lazy\" decoding=\"async\" src=\"https:\/\/ohanasalut.com\/wp-content\/uploads\/2024\/09\/DSC00236-scaled.jpg\" alt=\"DSC00236\" itemprop=\"image\" height=\"2560\" width=\"1707\" title=\"DSC00236\" onerror=\"this.style.display='none'\"  \/>\n\t\t\t\t<img loading=\"lazy\" decoding=\"async\" src=\"https:\/\/ohanasalut.com\/wp-content\/uploads\/2023\/05\/DSC_0485jpg-scaled.jpg\" alt=\"DSC_0485jpg\" itemprop=\"image\" height=\"2560\" width=\"1709\" title=\"DSC_0485jpg\" onerror=\"this.style.display='none'\"  \/>\n\t\t\t\t<img loading=\"lazy\" decoding=\"async\" src=\"https:\/\/ohanasalut.com\/wp-content\/uploads\/2024\/09\/DSC00258-scaled.jpg\" alt=\"DSC00258\" itemprop=\"image\" height=\"2560\" width=\"1707\" title=\"DSC00258\" onerror=\"this.style.display='none'\"  \/>\n\n","protected":false},"excerpt":{"rendered":"<p>En qu\u00e8 consisteix aquest servei? L&#8217;acupuntura cl\u00e0ssica \u00e9s una pr\u00e0ctica independent, integral i sofisticada que utilitza els 68 canals d&#8217;acupuntura per on flueix el nostre Qi (energia). Es diferencia de la moderna la qual nom\u00e9s es centra en 12 canals. S&#8217;allunya de s\u00edndromes espec\u00edfics i el pols xin\u00e8s \u00e9s un [&hellip;]<\/p>\n","protected":false},"author":2,"featured_media":2248,"parent":45,"menu_order":0,"comment_status":"closed","ping_status":"closed","template":"page-templates\/template-fullwidth.php","meta":{"_mc_calendar":[],"footnotes":""},"_links":{"self":[{"href":"https:\/\/ohanasalut.com\/index.php\/wp-json\/wp\/v2\/pages\/1677"}],"collection":[{"href":"https:\/\/ohanasalut.com\/index.php\/wp-json\/wp\/v2\/pages"}],"about":[{"href":"https:\/\/ohanasalut.com\/index.php\/wp-json\/wp\/v2\/types\/page"}],"author":[{"embeddable":true,"href":"https:\/\/ohanasalut.com\/index.php\/wp-json\/wp\/v2\/users\/2"}],"replies":[{"embeddable":true,"href":"https:\/\/ohanasalut.com\/index.php\/wp-json\/wp\/v2\/comments?post=1677"}],"version-history":[{"count":10,"href":"https:\/\/ohanasalut.com\/index.php\/wp-json\/wp\/v2\/pages\/1677\/revisions"}],"predecessor-version":[{"id":2337,"href":"https:\/\/ohanasalut.com\/index.php\/wp-json\/wp\/v2\/pages\/1677\/revisions\/2337"}],"up":[{"embeddable":true,"href":"https:\/\/ohanasalut.com\/index.php\/wp-json\/wp\/v2\/pages\/45"}],"wp:featuredmedia":[{"embeddable":true,"href":"https:\/\/ohanasalut.com\/index.php\/wp-json\/wp\/v2\/media\/2248"}],"wp:attachment":[{"href":"https:\/\/ohanasalut.com\/index.php\/wp-json\/wp\/v2\/media?parent=1677"}],"curies":[{"name":"wp","href":"https:\/\/api.w.org\/{rel}","templated":true}]}}